{"id":326320,"date":"2024-03-01T17:43:07","date_gmt":"2024-03-01T16:43:07","guid":{"rendered":"https:\/\/gajostest.a2hosted.com\/eshop\/palawan-winter-rukavice-latex\/"},"modified":"2026-05-07T21:02:51","modified_gmt":"2026-05-07T19:02:51","slug":"palawan-winter-rukavice-latex","status":"publish","type":"product","link":"https:\/\/gajos.sk\/eshop\/p\/palawan-winter-rukavice-latex\/","title":{"rendered":"PALAWAN WINTER rukavice latex"},"content":{"rendered":"","protected":false},"excerpt":{"rendered":"<p>Zateplen\u00e9 bez\u0161vov\u00e9 pleten\u00e9 rukavice zo syntetickej priadze s vrstvou mikropor\u00e9zneho paropriepustn\u00e9ho penov\u00e9ho latexu v dlani a na prstoch a pru\u017en\u00fdm n\u00e1pletom na z\u00e1p\u00e4st\u00ed.<\/p>\n","protected":false},"featured_media":326322,"template":"","meta":{"_acf_changed":false,"inline_featured_image":false},"product_brand":[],"product_cat":[2175],"product_tag":[1179],"class_list":{"0":"post-326320","1":"product","2":"type-product","3":"status-publish","4":"has-post-thumbnail","6":"product_cat-produkty","7":"product_tag-cerva","8":"pa_farba-hv-oranzova","9":"pa_velkost-3050","10":"pa_velkost-3051","11":"pa_velkost-3052","12":"pa_velkost-3057","13":"pa_velkost-3058","15":"first","16":"instock","17":"taxable","18":"shipping-taxable","19":"purchasable","20":"product-type-variable"},"acf":[],"_links":{"self":[{"href":"https:\/\/gajos.sk\/eshop\/wp-json\/wp\/v2\/product\/326320","targetHints":{"allow":["GET"]}}],"collection":[{"href":"https:\/\/gajos.sk\/eshop\/wp-json\/wp\/v2\/product"}],"about":[{"href":"https:\/\/gajos.sk\/eshop\/wp-json\/wp\/v2\/types\/product"}],"wp:featuredmedia":[{"embeddable":true,"href":"https:\/\/gajos.sk\/eshop\/wp-json\/wp\/v2\/media\/326322"}],"wp:attachment":[{"href":"https:\/\/gajos.sk\/eshop\/wp-json\/wp\/v2\/media?parent=326320"}],"wp:term":[{"taxonomy":"product_brand","embeddable":true,"href":"https:\/\/gajos.sk\/eshop\/wp-json\/wp\/v2\/product_brand?post=326320"},{"taxonomy":"product_cat","embeddable":true,"href":"https:\/\/gajos.sk\/eshop\/wp-json\/wp\/v2\/product_cat?post=326320"},{"taxonomy":"product_tag","embeddable":true,"href":"https:\/\/gajos.sk\/eshop\/wp-json\/wp\/v2\/product_tag?post=326320"}],"curies":[{"name":"wp","href":"https:\/\/api.w.org\/{rel}","templated":true}]}}