{"id":326306,"date":"2024-03-01T17:43:02","date_gmt":"2024-03-01T16:43:02","guid":{"rendered":"https:\/\/gajostest.a2hosted.com\/eshop\/bustard-evo-ruk-bavlnapvc-terc\/"},"modified":"2026-04-25T21:03:29","modified_gmt":"2026-04-25T19:03:29","slug":"bustard-evo-ruk-bavlnapvc-terc","status":"publish","type":"product","link":"https:\/\/gajos.sk\/eshop\/p\/bustard-evo-ruk-bavlnapvc-terc\/","title":{"rendered":"BUSTARD Evo ruk. bavlna+PVC ter\u010d."},"content":{"rendered":"","protected":false},"excerpt":{"rendered":"<p>Nov\u00fd variant rukav\u00edc Bustard, komfortn\u00e9 pru\u017en\u00e9 rukavice zo zmesi bavlny 95 % a Lycry 5 %. Vhodn\u00e9 pre automobilov\u00fd priemysel.<\/p>\n","protected":false},"featured_media":326308,"template":"","meta":{"_acf_changed":false,"inline_featured_image":false},"product_brand":[],"product_cat":[2137,2155,2124],"product_tag":[1179],"class_list":{"0":"post-326306","1":"product","2":"type-product","3":"status-publish","4":"has-post-thumbnail","6":"product_cat-macane-a-povrstvene","7":"product_cat-vrstvene-bezsvove-rukavice","8":"product_cat-rukavice","9":"product_tag-cerva","10":"pa_farba-biela","11":"pa_velkost-3050","12":"pa_velkost-3051","13":"pa_velkost-3052","14":"pa_velkost-3057","15":"pa_velkost-3058","17":"first","18":"instock","19":"taxable","20":"shipping-taxable","21":"purchasable","22":"product-type-variable"},"acf":[],"_links":{"self":[{"href":"https:\/\/gajos.sk\/eshop\/wp-json\/wp\/v2\/product\/326306","targetHints":{"allow":["GET"]}}],"collection":[{"href":"https:\/\/gajos.sk\/eshop\/wp-json\/wp\/v2\/product"}],"about":[{"href":"https:\/\/gajos.sk\/eshop\/wp-json\/wp\/v2\/types\/product"}],"wp:featuredmedia":[{"embeddable":true,"href":"https:\/\/gajos.sk\/eshop\/wp-json\/wp\/v2\/media\/326308"}],"wp:attachment":[{"href":"https:\/\/gajos.sk\/eshop\/wp-json\/wp\/v2\/media?parent=326306"}],"wp:term":[{"taxonomy":"product_brand","embeddable":true,"href":"https:\/\/gajos.sk\/eshop\/wp-json\/wp\/v2\/product_brand?post=326306"},{"taxonomy":"product_cat","embeddable":true,"href":"https:\/\/gajos.sk\/eshop\/wp-json\/wp\/v2\/product_cat?post=326306"},{"taxonomy":"product_tag","embeddable":true,"href":"https:\/\/gajos.sk\/eshop\/wp-json\/wp\/v2\/product_tag?post=326306"}],"curies":[{"name":"wp","href":"https:\/\/api.w.org\/{rel}","templated":true}]}}