{"id":326280,"date":"2024-03-01T17:41:54","date_gmt":"2024-03-01T16:41:54","guid":{"rendered":"https:\/\/gajostest.a2hosted.com\/eshop\/gannet-ruk-pletene-nylon-pvc-ter\/"},"modified":"2026-04-25T21:03:29","modified_gmt":"2026-04-25T19:03:29","slug":"gannet-ruk-pletene-nylon-pvc-ter","status":"publish","type":"product","link":"https:\/\/gajos.sk\/eshop\/p\/gannet-ruk-pletene-nylon-pvc-ter\/","title":{"rendered":"GANNET ruk.pleten\u00e9 nylon.PVC  ter."},"content":{"rendered":"","protected":false},"excerpt":{"rendered":"<p>Pleten\u00e9 bez\u0161vov\u00e9 nylonov\u00e9 rukavice s PVC ter\u010d\u00edkmi v dlani a na prstoch a pru\u017en\u00fdm \u00fapletom na z\u00e1p\u00e4st\u00ed.<\/p>\n","protected":false},"featured_media":326282,"template":"","meta":{"_acf_changed":false,"inline_featured_image":false},"product_brand":[],"product_cat":[2137,2155,2124],"product_tag":[1179],"class_list":{"0":"post-326280","1":"product","2":"type-product","3":"status-publish","4":"has-post-thumbnail","6":"product_cat-macane-a-povrstvene","7":"product_cat-vrstvene-bezsvove-rukavice","8":"product_cat-rukavice","9":"product_tag-cerva","10":"pa_farba-cierna","11":"pa_velkost-3054","12":"pa_velkost-3057","13":"pa_velkost-3058","14":"pa_velkost-3050","15":"pa_velkost-3051","16":"pa_velkost-3052","18":"first","19":"instock","20":"taxable","21":"shipping-taxable","22":"purchasable","23":"product-type-variable"},"acf":[],"_links":{"self":[{"href":"https:\/\/gajos.sk\/eshop\/wp-json\/wp\/v2\/product\/326280","targetHints":{"allow":["GET"]}}],"collection":[{"href":"https:\/\/gajos.sk\/eshop\/wp-json\/wp\/v2\/product"}],"about":[{"href":"https:\/\/gajos.sk\/eshop\/wp-json\/wp\/v2\/types\/product"}],"wp:featuredmedia":[{"embeddable":true,"href":"https:\/\/gajos.sk\/eshop\/wp-json\/wp\/v2\/media\/326282"}],"wp:attachment":[{"href":"https:\/\/gajos.sk\/eshop\/wp-json\/wp\/v2\/media?parent=326280"}],"wp:term":[{"taxonomy":"product_brand","embeddable":true,"href":"https:\/\/gajos.sk\/eshop\/wp-json\/wp\/v2\/product_brand?post=326280"},{"taxonomy":"product_cat","embeddable":true,"href":"https:\/\/gajos.sk\/eshop\/wp-json\/wp\/v2\/product_cat?post=326280"},{"taxonomy":"product_tag","embeddable":true,"href":"https:\/\/gajos.sk\/eshop\/wp-json\/wp\/v2\/product_tag?post=326280"}],"curies":[{"name":"wp","href":"https:\/\/api.w.org\/{rel}","templated":true}]}}