{"id":326273,"date":"2024-03-01T17:41:49","date_gmt":"2024-03-01T16:41:49","guid":{"rendered":"https:\/\/gajostest.a2hosted.com\/eshop\/quail-ruk-umele-vlakno-s-terc-obojstr\/"},"modified":"2026-04-25T21:03:29","modified_gmt":"2026-04-25T19:03:29","slug":"quail-ruk-umele-vlakno-s-terc-obojstr","status":"publish","type":"product","link":"https:\/\/gajos.sk\/eshop\/p\/quail-ruk-umele-vlakno-s-terc-obojstr\/","title":{"rendered":"QUAIL ruk.umel\u00e9 vl\u00e1kno s ter\u010d.obojstr."},"content":{"rendered":"","protected":false},"excerpt":{"rendered":"<p>Pleten\u00e9 bez\u0161vov\u00e9 obojstrann\u00e9 rukavice zo zmesi polyester\/bavlna s PVC ter\u010d\u00edkmi a pru\u017en\u00fdm n\u00e1pletom na z\u00e1p\u00e4st\u00ed.<\/p>\n","protected":false},"featured_media":326275,"template":"","meta":{"_acf_changed":false,"inline_featured_image":false},"product_brand":[],"product_cat":[2137,2155,2124],"product_tag":[1179],"class_list":{"0":"post-326273","1":"product","2":"type-product","3":"status-publish","4":"has-post-thumbnail","6":"product_cat-macane-a-povrstvene","7":"product_cat-vrstvene-bezsvove-rukavice","8":"product_cat-rukavice","9":"product_tag-cerva","10":"pa_velkost-3051","11":"pa_velkost-3057","13":"first","14":"instock","15":"taxable","16":"shipping-taxable","17":"purchasable","18":"product-type-variable"},"acf":[],"_links":{"self":[{"href":"https:\/\/gajos.sk\/eshop\/wp-json\/wp\/v2\/product\/326273","targetHints":{"allow":["GET"]}}],"collection":[{"href":"https:\/\/gajos.sk\/eshop\/wp-json\/wp\/v2\/product"}],"about":[{"href":"https:\/\/gajos.sk\/eshop\/wp-json\/wp\/v2\/types\/product"}],"wp:featuredmedia":[{"embeddable":true,"href":"https:\/\/gajos.sk\/eshop\/wp-json\/wp\/v2\/media\/326275"}],"wp:attachment":[{"href":"https:\/\/gajos.sk\/eshop\/wp-json\/wp\/v2\/media?parent=326273"}],"wp:term":[{"taxonomy":"product_brand","embeddable":true,"href":"https:\/\/gajos.sk\/eshop\/wp-json\/wp\/v2\/product_brand?post=326273"},{"taxonomy":"product_cat","embeddable":true,"href":"https:\/\/gajos.sk\/eshop\/wp-json\/wp\/v2\/product_cat?post=326273"},{"taxonomy":"product_tag","embeddable":true,"href":"https:\/\/gajos.sk\/eshop\/wp-json\/wp\/v2\/product_tag?post=326273"}],"curies":[{"name":"wp","href":"https:\/\/api.w.org\/{rel}","templated":true}]}}