{"id":326245,"date":"2024-03-01T17:41:34","date_gmt":"2024-03-01T16:41:34","guid":{"rendered":"https:\/\/gajostest.a2hosted.com\/eshop\/fast-fruit-ruk-textil-s-tercikmi-pvc\/"},"modified":"2026-04-25T21:03:29","modified_gmt":"2026-04-25T19:03:29","slug":"fast-fruit-ruk-textil-s-tercikmi-pvc","status":"publish","type":"product","link":"https:\/\/gajos.sk\/eshop\/p\/fast-fruit-ruk-textil-s-tercikmi-pvc\/","title":{"rendered":"FAST FRUIT ruk. textil.s ter\u010d\u00edkmi PVC"},"content":{"rendered":"","protected":false},"excerpt":{"rendered":"<p>Bavlnen\u00e9 rukavice s PVC bodmi pre lep\u0161ie uchopenie. S man\u017eetou. Absorbuj\u00fa vlhkos\u0165. Ide\u00e1lne pre \u010dinnosti ako je napr. pres\u00e1dzanie rastl\u00edn. EN 420<\/p>\n","protected":false},"featured_media":326247,"template":"","meta":{"_acf_changed":false,"inline_featured_image":false},"product_brand":[],"product_cat":[2162,2137,2124],"product_tag":[1387],"class_list":{"0":"post-326245","1":"product","2":"type-product","3":"status-publish","4":"has-post-thumbnail","6":"product_cat-macane-bezsvove-rukavice","7":"product_cat-macane-a-povrstvene","8":"product_cat-rukavice","9":"product_tag-kixx","10":"pa_farba-zelena","11":"pa_velkost-3057","13":"first","14":"instock","15":"taxable","16":"shipping-taxable","17":"purchasable","18":"product-type-variable"},"acf":[],"_links":{"self":[{"href":"https:\/\/gajos.sk\/eshop\/wp-json\/wp\/v2\/product\/326245","targetHints":{"allow":["GET"]}}],"collection":[{"href":"https:\/\/gajos.sk\/eshop\/wp-json\/wp\/v2\/product"}],"about":[{"href":"https:\/\/gajos.sk\/eshop\/wp-json\/wp\/v2\/types\/product"}],"wp:featuredmedia":[{"embeddable":true,"href":"https:\/\/gajos.sk\/eshop\/wp-json\/wp\/v2\/media\/326247"}],"wp:attachment":[{"href":"https:\/\/gajos.sk\/eshop\/wp-json\/wp\/v2\/media?parent=326245"}],"wp:term":[{"taxonomy":"product_brand","embeddable":true,"href":"https:\/\/gajos.sk\/eshop\/wp-json\/wp\/v2\/product_brand?post=326245"},{"taxonomy":"product_cat","embeddable":true,"href":"https:\/\/gajos.sk\/eshop\/wp-json\/wp\/v2\/product_cat?post=326245"},{"taxonomy":"product_tag","embeddable":true,"href":"https:\/\/gajos.sk\/eshop\/wp-json\/wp\/v2\/product_tag?post=326245"}],"curies":[{"name":"wp","href":"https:\/\/api.w.org\/{rel}","templated":true}]}}