{"id":326231,"date":"2024-03-01T17:41:30","date_gmt":"2024-03-01T16:41:30","guid":{"rendered":"https:\/\/gajostest.a2hosted.com\/eshop\/ansell-52-547-hyd-tuf\/"},"modified":"2026-04-24T21:04:10","modified_gmt":"2026-04-24T19:04:10","slug":"ansell-52-547-hyd-tuf","status":"publish","type":"product","link":"https:\/\/gajos.sk\/eshop\/p\/ansell-52-547-hyd-tuf\/","title":{"rendered":"ANSELL  52-547 Hyd-Tuf"},"content":{"rendered":"","protected":false},"excerpt":{"rendered":"<p>Antistatick\u00e9 rukavice \u0161it\u00e9 z bavlnen\u00e9ho \u00fapletu, p\u00e1sikavej bavlny na chrbte, s vrstvou hned\u00e9ho nitrilu v dlani a na prstoch, pod\u0161\u00edvkou a pevnou bezpe\u010dnostnou man\u017eetou.<\/p>\n","protected":false},"featured_media":326233,"template":"","meta":{"_acf_changed":false,"inline_featured_image":false},"product_brand":[],"product_cat":[2162,2137,2124],"product_tag":[1219],"class_list":{"0":"post-326231","1":"product","2":"type-product","3":"status-publish","4":"has-post-thumbnail","6":"product_cat-macane-bezsvove-rukavice","7":"product_cat-macane-a-povrstvene","8":"product_cat-rukavice","9":"product_tag-ansell","10":"pa_velkost-3051","11":"pa_velkost-3052","13":"first","14":"instock","15":"taxable","16":"shipping-taxable","17":"product-type-variable"},"acf":[],"_links":{"self":[{"href":"https:\/\/gajos.sk\/eshop\/wp-json\/wp\/v2\/product\/326231","targetHints":{"allow":["GET"]}}],"collection":[{"href":"https:\/\/gajos.sk\/eshop\/wp-json\/wp\/v2\/product"}],"about":[{"href":"https:\/\/gajos.sk\/eshop\/wp-json\/wp\/v2\/types\/product"}],"wp:featuredmedia":[{"embeddable":true,"href":"https:\/\/gajos.sk\/eshop\/wp-json\/wp\/v2\/media\/326233"}],"wp:attachment":[{"href":"https:\/\/gajos.sk\/eshop\/wp-json\/wp\/v2\/media?parent=326231"}],"wp:term":[{"taxonomy":"product_brand","embeddable":true,"href":"https:\/\/gajos.sk\/eshop\/wp-json\/wp\/v2\/product_brand?post=326231"},{"taxonomy":"product_cat","embeddable":true,"href":"https:\/\/gajos.sk\/eshop\/wp-json\/wp\/v2\/product_cat?post=326231"},{"taxonomy":"product_tag","embeddable":true,"href":"https:\/\/gajos.sk\/eshop\/wp-json\/wp\/v2\/product_tag?post=326231"}],"curies":[{"name":"wp","href":"https:\/\/api.w.org\/{rel}","templated":true}]}}