{"id":326217,"date":"2024-03-01T17:41:25","date_gmt":"2024-03-01T16:41:25","guid":{"rendered":"https:\/\/gajostest.a2hosted.com\/eshop\/ansell-32-125-hynit\/"},"modified":"2026-04-23T21:03:17","modified_gmt":"2026-04-23T19:03:17","slug":"ansell-32-125-hynit","status":"publish","type":"product","link":"https:\/\/gajos.sk\/eshop\/p\/ansell-32-125-hynit\/","title":{"rendered":"ANSELL  32-125 Hynit"},"content":{"rendered":"","protected":false},"excerpt":{"rendered":"<p>Rukavice bez man\u017eiet \u0161it\u00e9 z bavlnen\u00e9ho \u00fapletu laminovan\u00e9ho nitrilom, pre\u0161\u00edvan\u00e9 a perforovan\u00e9 na chrbte, s odolnos\u0165ou proti prepichnutiu a oteru.<\/p>\n","protected":false},"featured_media":326219,"template":"","meta":{"_acf_changed":false,"inline_featured_image":false},"product_brand":[],"product_cat":[2162,2137,2124],"product_tag":[1219],"class_list":{"0":"post-326217","1":"product","2":"type-product","3":"status-publish","4":"has-post-thumbnail","6":"product_cat-macane-bezsvove-rukavice","7":"product_cat-macane-a-povrstvene","8":"product_cat-rukavice","9":"product_tag-ansell","10":"pa_velkost-3052","11":"pa_velkost-3057","12":"pa_velkost-3058","13":"pa_velkost-3070","14":"pa_velkost-3051","16":"first","17":"instock","18":"taxable","19":"shipping-taxable","20":"purchasable","21":"product-type-variable"},"acf":[],"_links":{"self":[{"href":"https:\/\/gajos.sk\/eshop\/wp-json\/wp\/v2\/product\/326217","targetHints":{"allow":["GET"]}}],"collection":[{"href":"https:\/\/gajos.sk\/eshop\/wp-json\/wp\/v2\/product"}],"about":[{"href":"https:\/\/gajos.sk\/eshop\/wp-json\/wp\/v2\/types\/product"}],"wp:featuredmedia":[{"embeddable":true,"href":"https:\/\/gajos.sk\/eshop\/wp-json\/wp\/v2\/media\/326219"}],"wp:attachment":[{"href":"https:\/\/gajos.sk\/eshop\/wp-json\/wp\/v2\/media?parent=326217"}],"wp:term":[{"taxonomy":"product_brand","embeddable":true,"href":"https:\/\/gajos.sk\/eshop\/wp-json\/wp\/v2\/product_brand?post=326217"},{"taxonomy":"product_cat","embeddable":true,"href":"https:\/\/gajos.sk\/eshop\/wp-json\/wp\/v2\/product_cat?post=326217"},{"taxonomy":"product_tag","embeddable":true,"href":"https:\/\/gajos.sk\/eshop\/wp-json\/wp\/v2\/product_tag?post=326217"}],"curies":[{"name":"wp","href":"https:\/\/api.w.org\/{rel}","templated":true}]}}