{"id":326200,"date":"2024-03-01T17:41:19","date_gmt":"2024-03-01T16:41:19","guid":{"rendered":"https:\/\/gajostest.a2hosted.com\/eshop\/kittiwake-ruk-nitril-polomac-upet-manz\/"},"modified":"2026-04-25T21:03:29","modified_gmt":"2026-04-25T19:03:29","slug":"kittiwake-ruk-nitril-polomac-upet-manz","status":"publish","type":"product","link":"https:\/\/gajos.sk\/eshop\/p\/kittiwake-ruk-nitril-polomac-upet-manz\/","title":{"rendered":"KITTIWAKE ruk.nitril.polom\u00e1\u010d.\u00fapet.man\u017e."},"content":{"rendered":"","protected":false},"excerpt":{"rendered":"<p>Modr\u00e9 rukavice \u0161it\u00e9 z bavlnen\u00e9ho \u00fapletu, polom\u00e1\u010dan\u00e9 v nitrile, s pru\u017enou man\u017eetou.<\/p>\n","protected":false},"featured_media":326202,"template":"","meta":{"_acf_changed":false,"inline_featured_image":false},"product_brand":[],"product_cat":[2137,2139,2124],"product_tag":[1179],"class_list":{"0":"post-326200","1":"product","2":"type-product","3":"status-publish","4":"has-post-thumbnail","6":"product_cat-macane-a-povrstvene","7":"product_cat-macane-site-rukavice","8":"product_cat-rukavice","9":"product_tag-cerva","10":"pa_velkost-3051","11":"pa_velkost-3052","12":"pa_velkost-3050","14":"first","15":"instock","16":"taxable","17":"shipping-taxable","18":"purchasable","19":"product-type-variable"},"acf":[],"_links":{"self":[{"href":"https:\/\/gajos.sk\/eshop\/wp-json\/wp\/v2\/product\/326200","targetHints":{"allow":["GET"]}}],"collection":[{"href":"https:\/\/gajos.sk\/eshop\/wp-json\/wp\/v2\/product"}],"about":[{"href":"https:\/\/gajos.sk\/eshop\/wp-json\/wp\/v2\/types\/product"}],"wp:featuredmedia":[{"embeddable":true,"href":"https:\/\/gajos.sk\/eshop\/wp-json\/wp\/v2\/media\/326202"}],"wp:attachment":[{"href":"https:\/\/gajos.sk\/eshop\/wp-json\/wp\/v2\/media?parent=326200"}],"wp:term":[{"taxonomy":"product_brand","embeddable":true,"href":"https:\/\/gajos.sk\/eshop\/wp-json\/wp\/v2\/product_brand?post=326200"},{"taxonomy":"product_cat","embeddable":true,"href":"https:\/\/gajos.sk\/eshop\/wp-json\/wp\/v2\/product_cat?post=326200"},{"taxonomy":"product_tag","embeddable":true,"href":"https:\/\/gajos.sk\/eshop\/wp-json\/wp\/v2\/product_tag?post=326200"}],"curies":[{"name":"wp","href":"https:\/\/api.w.org\/{rel}","templated":true}]}}