{"id":326197,"date":"2024-03-01T17:41:15","date_gmt":"2024-03-01T16:41:15","guid":{"rendered":"https:\/\/gajostest.a2hosted.com\/eshop\/avocet-rukavice-textil-s-tercikmi-honey\/"},"modified":"2026-05-01T21:03:19","modified_gmt":"2026-05-01T19:03:19","slug":"avocet-rukavice-textil-s-tercikmi-honey","status":"publish","type":"product","link":"https:\/\/gajos.sk\/eshop\/p\/avocet-rukavice-textil-s-tercikmi-honey\/","title":{"rendered":"AVOCET rukavice textil.s ter\u010d\u00edkmi \/Honey"},"content":{"rendered":"","protected":false},"excerpt":{"rendered":"<p>Rukavice \u0161it\u00e9 z farebnej bavlnenej tkaniny, s PVC ter\u010d\u00edkmi v dlani a na prstoch.<\/p>\n","protected":false},"featured_media":326199,"template":"","meta":{"_acf_changed":false,"inline_featured_image":false},"product_brand":[],"product_cat":[2162,2137,2124],"product_tag":[1179],"class_list":{"0":"post-326197","1":"product","2":"type-product","3":"status-publish","4":"has-post-thumbnail","6":"product_cat-macane-bezsvove-rukavice","7":"product_cat-macane-a-povrstvene","8":"product_cat-rukavice","9":"product_tag-cerva","10":"pa_velkost-3052","12":"first","13":"instock","14":"taxable","15":"shipping-taxable","16":"purchasable","17":"product-type-variable"},"acf":[],"_links":{"self":[{"href":"https:\/\/gajos.sk\/eshop\/wp-json\/wp\/v2\/product\/326197","targetHints":{"allow":["GET"]}}],"collection":[{"href":"https:\/\/gajos.sk\/eshop\/wp-json\/wp\/v2\/product"}],"about":[{"href":"https:\/\/gajos.sk\/eshop\/wp-json\/wp\/v2\/types\/product"}],"wp:featuredmedia":[{"embeddable":true,"href":"https:\/\/gajos.sk\/eshop\/wp-json\/wp\/v2\/media\/326199"}],"wp:attachment":[{"href":"https:\/\/gajos.sk\/eshop\/wp-json\/wp\/v2\/media?parent=326197"}],"wp:term":[{"taxonomy":"product_brand","embeddable":true,"href":"https:\/\/gajos.sk\/eshop\/wp-json\/wp\/v2\/product_brand?post=326197"},{"taxonomy":"product_cat","embeddable":true,"href":"https:\/\/gajos.sk\/eshop\/wp-json\/wp\/v2\/product_cat?post=326197"},{"taxonomy":"product_tag","embeddable":true,"href":"https:\/\/gajos.sk\/eshop\/wp-json\/wp\/v2\/product_tag?post=326197"}],"curies":[{"name":"wp","href":"https:\/\/api.w.org\/{rel}","templated":true}]}}