{"id":326188,"date":"2024-03-01T17:41:13","date_gmt":"2024-03-01T16:41:13","guid":{"rendered":"https:\/\/gajostest.a2hosted.com\/eshop\/egret-rukavice-uplet-vinyl-hnede\/"},"modified":"2026-04-25T21:03:29","modified_gmt":"2026-04-25T19:03:29","slug":"egret-rukavice-uplet-vinyl-hnede","status":"publish","type":"product","link":"https:\/\/gajos.sk\/eshop\/p\/egret-rukavice-uplet-vinyl-hnede\/","title":{"rendered":"EGRET rukavice \u00faplet &#8211; vinyl hned\u00e9"},"content":{"rendered":"","protected":false},"excerpt":{"rendered":"<p>B\u00e9\u017eov\u00e9 rukavice \u0161it\u00e9 z bavlnen\u00e9ho \u00fapletu, s vrstvou vinylu.<\/p>\n","protected":false},"featured_media":326190,"template":"","meta":{"_acf_changed":false,"inline_featured_image":false},"product_brand":[],"product_cat":[2162,2137,2124],"product_tag":[1179],"class_list":{"0":"post-326188","1":"product","2":"type-product","3":"status-publish","4":"has-post-thumbnail","6":"product_cat-macane-bezsvove-rukavice","7":"product_cat-macane-a-povrstvene","8":"product_cat-rukavice","9":"product_tag-cerva","10":"pa_velkost-3051","11":"pa_velkost-3052","12":"pa_velkost-3057","13":"pa_velkost-3058","15":"first","16":"instock","17":"taxable","18":"shipping-taxable","19":"purchasable","20":"product-type-variable"},"acf":[],"_links":{"self":[{"href":"https:\/\/gajos.sk\/eshop\/wp-json\/wp\/v2\/product\/326188","targetHints":{"allow":["GET"]}}],"collection":[{"href":"https:\/\/gajos.sk\/eshop\/wp-json\/wp\/v2\/product"}],"about":[{"href":"https:\/\/gajos.sk\/eshop\/wp-json\/wp\/v2\/types\/product"}],"wp:featuredmedia":[{"embeddable":true,"href":"https:\/\/gajos.sk\/eshop\/wp-json\/wp\/v2\/media\/326190"}],"wp:attachment":[{"href":"https:\/\/gajos.sk\/eshop\/wp-json\/wp\/v2\/media?parent=326188"}],"wp:term":[{"taxonomy":"product_brand","embeddable":true,"href":"https:\/\/gajos.sk\/eshop\/wp-json\/wp\/v2\/product_brand?post=326188"},{"taxonomy":"product_cat","embeddable":true,"href":"https:\/\/gajos.sk\/eshop\/wp-json\/wp\/v2\/product_cat?post=326188"},{"taxonomy":"product_tag","embeddable":true,"href":"https:\/\/gajos.sk\/eshop\/wp-json\/wp\/v2\/product_tag?post=326188"}],"curies":[{"name":"wp","href":"https:\/\/api.w.org\/{rel}","templated":true}]}}