{"id":326179,"date":"2024-03-01T17:41:11","date_gmt":"2024-03-01T16:41:11","guid":{"rendered":"https:\/\/gajostest.a2hosted.com\/eshop\/bustard-ruk-bavlna-biele-pvc-terc\/"},"modified":"2026-04-25T21:03:29","modified_gmt":"2026-04-25T19:03:29","slug":"bustard-ruk-bavlna-biele-pvc-terc","status":"publish","type":"product","link":"https:\/\/gajos.sk\/eshop\/p\/bustard-ruk-bavlna-biele-pvc-terc\/","title":{"rendered":"BUSTARD ruk. bavlna biele + PVC ter\u010d."},"content":{"rendered":"","protected":false},"excerpt":{"rendered":"<p>Rukavice \u0161it\u00e9 z bavlnen\u00e9ho \u00fapletu, s PVC ter\u010d\u00edkmi v dlani a na prstoch, pru\u017einkou na hornej \u010dasti z\u00e1p\u00e4stia, bez man\u017eety.<\/p>\n","protected":false},"featured_media":326181,"template":"","meta":{"_acf_changed":false,"inline_featured_image":false},"product_brand":[],"product_cat":[2162,2137,2124],"product_tag":[1179],"class_list":{"0":"post-326179","1":"product","2":"type-product","3":"status-publish","4":"has-post-thumbnail","6":"product_cat-macane-bezsvove-rukavice","7":"product_cat-macane-a-povrstvene","8":"product_cat-rukavice","9":"product_tag-cerva","10":"pa_velkost-3050","11":"pa_velkost-3051","12":"pa_velkost-3052","13":"pa_velkost-3054","14":"pa_velkost-3057","15":"pa_velkost-3058","16":"pa_velkost-3062","18":"first","19":"instock","20":"taxable","21":"shipping-taxable","22":"purchasable","23":"product-type-variable"},"acf":[],"_links":{"self":[{"href":"https:\/\/gajos.sk\/eshop\/wp-json\/wp\/v2\/product\/326179","targetHints":{"allow":["GET"]}}],"collection":[{"href":"https:\/\/gajos.sk\/eshop\/wp-json\/wp\/v2\/product"}],"about":[{"href":"https:\/\/gajos.sk\/eshop\/wp-json\/wp\/v2\/types\/product"}],"wp:featuredmedia":[{"embeddable":true,"href":"https:\/\/gajos.sk\/eshop\/wp-json\/wp\/v2\/media\/326181"}],"wp:attachment":[{"href":"https:\/\/gajos.sk\/eshop\/wp-json\/wp\/v2\/media?parent=326179"}],"wp:term":[{"taxonomy":"product_brand","embeddable":true,"href":"https:\/\/gajos.sk\/eshop\/wp-json\/wp\/v2\/product_brand?post=326179"},{"taxonomy":"product_cat","embeddable":true,"href":"https:\/\/gajos.sk\/eshop\/wp-json\/wp\/v2\/product_cat?post=326179"},{"taxonomy":"product_tag","embeddable":true,"href":"https:\/\/gajos.sk\/eshop\/wp-json\/wp\/v2\/product_tag?post=326179"}],"curies":[{"name":"wp","href":"https:\/\/api.w.org\/{rel}","templated":true}]}}