{"id":325921,"date":"2024-03-01T17:37:14","date_gmt":"2024-03-01T16:37:14","guid":{"rendered":"https:\/\/gajostest.a2hosted.com\/eshop\/vacher-rukavice\/"},"modified":"2026-04-25T21:03:28","modified_gmt":"2026-04-25T19:03:28","slug":"vacher-rukavice","status":"publish","type":"product","link":"https:\/\/gajos.sk\/eshop\/p\/vacher-rukavice\/","title":{"rendered":"VACHER rukavice"},"content":{"rendered":"","protected":false},"excerpt":{"rendered":"<p>\u0160it\u00e9 celoko\u017een\u00e9 rukavice z jemnej hov\u00e4dzej l\u00edcovky, vodeodoln\u00e9. Vrchn\u00e9 \u010das\u0165 man\u017eety \u2013 pru\u017en\u00fd \u00faplet, spodn\u00e1 \u010das\u0165 zosilnen\u00e1 ko\u017ea.<\/p>\n","protected":false},"featured_media":325923,"template":"","meta":{"_acf_changed":false,"inline_featured_image":false},"product_brand":[],"product_cat":[2134,2124],"product_tag":[1179],"class_list":{"0":"post-325921","1":"product","2":"type-product","3":"status-publish","4":"has-post-thumbnail","6":"product_cat-celokozene","7":"product_cat-rukavice","8":"product_tag-cerva","9":"pa_farba-zlta","10":"pa_velkost-3057","11":"pa_velkost-3050","12":"pa_velkost-3051","13":"pa_velkost-3052","15":"first","16":"instock","17":"taxable","18":"shipping-taxable","19":"purchasable","20":"product-type-variable"},"acf":[],"_links":{"self":[{"href":"https:\/\/gajos.sk\/eshop\/wp-json\/wp\/v2\/product\/325921","targetHints":{"allow":["GET"]}}],"collection":[{"href":"https:\/\/gajos.sk\/eshop\/wp-json\/wp\/v2\/product"}],"about":[{"href":"https:\/\/gajos.sk\/eshop\/wp-json\/wp\/v2\/types\/product"}],"wp:featuredmedia":[{"embeddable":true,"href":"https:\/\/gajos.sk\/eshop\/wp-json\/wp\/v2\/media\/325923"}],"wp:attachment":[{"href":"https:\/\/gajos.sk\/eshop\/wp-json\/wp\/v2\/media?parent=325921"}],"wp:term":[{"taxonomy":"product_brand","embeddable":true,"href":"https:\/\/gajos.sk\/eshop\/wp-json\/wp\/v2\/product_brand?post=325921"},{"taxonomy":"product_cat","embeddable":true,"href":"https:\/\/gajos.sk\/eshop\/wp-json\/wp\/v2\/product_cat?post=325921"},{"taxonomy":"product_tag","embeddable":true,"href":"https:\/\/gajos.sk\/eshop\/wp-json\/wp\/v2\/product_tag?post=325921"}],"curies":[{"name":"wp","href":"https:\/\/api.w.org\/{rel}","templated":true}]}}