{"id":325917,"date":"2024-03-01T17:37:07","date_gmt":"2024-03-01T16:37:07","guid":{"rendered":"https:\/\/gajostest.a2hosted.com\/eshop\/linotte-rukavice-celokozene\/"},"modified":"2026-04-25T21:03:28","modified_gmt":"2026-04-25T19:03:28","slug":"linotte-rukavice-celokozene","status":"publish","type":"product","link":"https:\/\/gajos.sk\/eshop\/p\/linotte-rukavice-celokozene\/","title":{"rendered":"LINOTTE rukavice celoko\u017een\u00e9"},"content":{"rendered":"","protected":false},"excerpt":{"rendered":"<p>\u0160it\u00e1 celoko\u017een\u00e1 rukavica, jemn\u00e1 hov\u00e4dzia l\u00edcovka v dlani a na prstoch, vr\u00e1tane ukazov\u00e1ka z vrchu. Hov\u00e4dzia \u0161tiepen\u00e1 ko\u017ea na chrbte rukavice. Drivers (\u201evodi\u010dsk\u00fd\u201c) design.<\/p>\n","protected":false},"featured_media":325919,"template":"","meta":{"_acf_changed":false,"inline_featured_image":false},"product_brand":[],"product_cat":[2134,2124],"product_tag":[1179],"class_list":{"0":"post-325917","1":"product","2":"type-product","3":"status-publish","4":"has-post-thumbnail","6":"product_cat-celokozene","7":"product_cat-rukavice","8":"product_tag-cerva","9":"pa_farba-siva","10":"pa_velkost-3050","11":"pa_velkost-3051","12":"pa_velkost-3052","14":"first","15":"instock","16":"taxable","17":"shipping-taxable","18":"purchasable","19":"product-type-variable"},"acf":[],"_links":{"self":[{"href":"https:\/\/gajos.sk\/eshop\/wp-json\/wp\/v2\/product\/325917","targetHints":{"allow":["GET"]}}],"collection":[{"href":"https:\/\/gajos.sk\/eshop\/wp-json\/wp\/v2\/product"}],"about":[{"href":"https:\/\/gajos.sk\/eshop\/wp-json\/wp\/v2\/types\/product"}],"wp:featuredmedia":[{"embeddable":true,"href":"https:\/\/gajos.sk\/eshop\/wp-json\/wp\/v2\/media\/325919"}],"wp:attachment":[{"href":"https:\/\/gajos.sk\/eshop\/wp-json\/wp\/v2\/media?parent=325917"}],"wp:term":[{"taxonomy":"product_brand","embeddable":true,"href":"https:\/\/gajos.sk\/eshop\/wp-json\/wp\/v2\/product_brand?post=325917"},{"taxonomy":"product_cat","embeddable":true,"href":"https:\/\/gajos.sk\/eshop\/wp-json\/wp\/v2\/product_cat?post=325917"},{"taxonomy":"product_tag","embeddable":true,"href":"https:\/\/gajos.sk\/eshop\/wp-json\/wp\/v2\/product_tag?post=325917"}],"curies":[{"name":"wp","href":"https:\/\/api.w.org\/{rel}","templated":true}]}}