{"id":325904,"date":"2024-03-01T17:37:02","date_gmt":"2024-03-01T16:37:02","guid":{"rendered":"https:\/\/gajostest.a2hosted.com\/eshop\/pallida-rukavice-blister\/"},"modified":"2026-04-25T21:03:28","modified_gmt":"2026-04-25T19:03:28","slug":"pallida-rukavice-blister","status":"publish","type":"product","link":"https:\/\/gajos.sk\/eshop\/p\/pallida-rukavice-blister\/","title":{"rendered":"PALLIDA rukavice-blister"},"content":{"rendered":"","protected":false},"excerpt":{"rendered":"<p>\u0160it\u00e9 celoko\u017een\u00e9 rukavice z jemnej sivej hov\u00e4dzej l\u00edcovky, drivers \u201e\u0161of\u00e9rsky&#8220; dizajn.<\/p>\n","protected":false},"featured_media":325906,"template":"","meta":{"_acf_changed":false,"inline_featured_image":false},"product_brand":[],"product_cat":[2134,2124],"product_tag":[1179],"class_list":{"0":"post-325904","1":"product","2":"type-product","3":"status-publish","4":"has-post-thumbnail","6":"product_cat-celokozene","7":"product_cat-rukavice","8":"product_tag-cerva","9":"pa_velkost-3050","10":"pa_velkost-3051","11":"pa_velkost-3052","12":"pa_velkost-3057","14":"first","15":"instock","16":"taxable","17":"shipping-taxable","18":"purchasable","19":"product-type-variable"},"acf":[],"_links":{"self":[{"href":"https:\/\/gajos.sk\/eshop\/wp-json\/wp\/v2\/product\/325904","targetHints":{"allow":["GET"]}}],"collection":[{"href":"https:\/\/gajos.sk\/eshop\/wp-json\/wp\/v2\/product"}],"about":[{"href":"https:\/\/gajos.sk\/eshop\/wp-json\/wp\/v2\/types\/product"}],"wp:featuredmedia":[{"embeddable":true,"href":"https:\/\/gajos.sk\/eshop\/wp-json\/wp\/v2\/media\/325906"}],"wp:attachment":[{"href":"https:\/\/gajos.sk\/eshop\/wp-json\/wp\/v2\/media?parent=325904"}],"wp:term":[{"taxonomy":"product_brand","embeddable":true,"href":"https:\/\/gajos.sk\/eshop\/wp-json\/wp\/v2\/product_brand?post=325904"},{"taxonomy":"product_cat","embeddable":true,"href":"https:\/\/gajos.sk\/eshop\/wp-json\/wp\/v2\/product_cat?post=325904"},{"taxonomy":"product_tag","embeddable":true,"href":"https:\/\/gajos.sk\/eshop\/wp-json\/wp\/v2\/product_tag?post=325904"}],"curies":[{"name":"wp","href":"https:\/\/api.w.org\/{rel}","templated":true}]}}