{"id":325894,"date":"2024-03-01T17:36:01","date_gmt":"2024-03-01T16:36:01","guid":{"rendered":"https:\/\/gajostest.a2hosted.com\/eshop\/sanderling-welder-rukavice\/"},"modified":"2026-04-25T21:03:28","modified_gmt":"2026-04-25T19:03:28","slug":"sanderling-welder-rukavice","status":"publish","type":"product","link":"https:\/\/gajos.sk\/eshop\/p\/sanderling-welder-rukavice\/","title":{"rendered":"SANDERLING WELDER rukavice"},"content":{"rendered":"","protected":false},"excerpt":{"rendered":"<p>Zv\u00e1ra\u010dsk\u00e1 kukla s n\u00e1hlavn\u00fdm kr\u00ed\u017eom a zv\u00e1ra\u010dskou kazetou 10V&#8220;<\/p>\n","protected":false},"featured_media":325896,"template":"","meta":{"_acf_changed":false,"inline_featured_image":false},"product_brand":[],"product_cat":[2134,2124],"product_tag":[1179],"class_list":{"0":"post-325894","1":"product","2":"type-product","3":"status-publish","4":"has-post-thumbnail","6":"product_cat-celokozene","7":"product_cat-rukavice","8":"product_tag-cerva","9":"pa_velkost-3050","10":"pa_velkost-3051","11":"pa_velkost-3057","13":"first","14":"instock","15":"taxable","16":"shipping-taxable","17":"purchasable","18":"product-type-variable"},"acf":[],"_links":{"self":[{"href":"https:\/\/gajos.sk\/eshop\/wp-json\/wp\/v2\/product\/325894","targetHints":{"allow":["GET"]}}],"collection":[{"href":"https:\/\/gajos.sk\/eshop\/wp-json\/wp\/v2\/product"}],"about":[{"href":"https:\/\/gajos.sk\/eshop\/wp-json\/wp\/v2\/types\/product"}],"wp:featuredmedia":[{"embeddable":true,"href":"https:\/\/gajos.sk\/eshop\/wp-json\/wp\/v2\/media\/325896"}],"wp:attachment":[{"href":"https:\/\/gajos.sk\/eshop\/wp-json\/wp\/v2\/media?parent=325894"}],"wp:term":[{"taxonomy":"product_brand","embeddable":true,"href":"https:\/\/gajos.sk\/eshop\/wp-json\/wp\/v2\/product_brand?post=325894"},{"taxonomy":"product_cat","embeddable":true,"href":"https:\/\/gajos.sk\/eshop\/wp-json\/wp\/v2\/product_cat?post=325894"},{"taxonomy":"product_tag","embeddable":true,"href":"https:\/\/gajos.sk\/eshop\/wp-json\/wp\/v2\/product_tag?post=325894"}],"curies":[{"name":"wp","href":"https:\/\/api.w.org\/{rel}","templated":true}]}}