{"id":325880,"date":"2024-03-01T17:35:54","date_gmt":"2024-03-01T16:35:54","guid":{"rendered":"https:\/\/gajostest.a2hosted.com\/eshop\/ff-sandpiper-light-hs-02-001-rukavice\/"},"modified":"2026-04-11T17:46:47","modified_gmt":"2026-04-11T15:46:47","slug":"ff-sandpiper-light-hs-02-001-rukavice","status":"publish","type":"product","link":"https:\/\/gajos.sk\/eshop\/p\/ff-sandpiper-light-hs-02-001-rukavice\/","title":{"rendered":"FF SANDPIPER LIGHT HS-02-001 rukavice"},"content":{"rendered":"","protected":false},"excerpt":{"rendered":"<p>Celoko\u017een\u00e9 rukavice z hov\u00e4dzej \u0161tiepenky, v d\u013a\u017eke 33 cm, s pod\u0161\u00edvkou. Certifik\u00e1t: zv\u00e1ra\u010dsk\u00e9 pr\u00e1ce \u2013 typ A.<\/p>\n","protected":false},"featured_media":325882,"template":"","meta":{"_acf_changed":false,"inline_featured_image":false},"product_brand":[],"product_cat":[2134,2124],"product_tag":[1228],"class_list":{"0":"post-325880","1":"product","2":"type-product","3":"status-publish","4":"has-post-thumbnail","6":"product_cat-celokozene","7":"product_cat-rukavice","8":"product_tag-fridrich-fridrich","9":"pa_velkost-3050","11":"first","12":"instock","13":"taxable","14":"shipping-taxable","15":"product-type-variable"},"acf":[],"_links":{"self":[{"href":"https:\/\/gajos.sk\/eshop\/wp-json\/wp\/v2\/product\/325880","targetHints":{"allow":["GET"]}}],"collection":[{"href":"https:\/\/gajos.sk\/eshop\/wp-json\/wp\/v2\/product"}],"about":[{"href":"https:\/\/gajos.sk\/eshop\/wp-json\/wp\/v2\/types\/product"}],"wp:featuredmedia":[{"embeddable":true,"href":"https:\/\/gajos.sk\/eshop\/wp-json\/wp\/v2\/media\/325882"}],"wp:attachment":[{"href":"https:\/\/gajos.sk\/eshop\/wp-json\/wp\/v2\/media?parent=325880"}],"wp:term":[{"taxonomy":"product_brand","embeddable":true,"href":"https:\/\/gajos.sk\/eshop\/wp-json\/wp\/v2\/product_brand?post=325880"},{"taxonomy":"product_cat","embeddable":true,"href":"https:\/\/gajos.sk\/eshop\/wp-json\/wp\/v2\/product_cat?post=325880"},{"taxonomy":"product_tag","embeddable":true,"href":"https:\/\/gajos.sk\/eshop\/wp-json\/wp\/v2\/product_tag?post=325880"}],"curies":[{"name":"wp","href":"https:\/\/api.w.org\/{rel}","templated":true}]}}