{"id":325877,"date":"2024-03-01T17:35:54","date_gmt":"2024-03-01T16:35:54","guid":{"rendered":"https:\/\/gajostest.a2hosted.com\/eshop\/martius-rukavice-celokozene-kevlar\/"},"modified":"2026-04-25T21:03:28","modified_gmt":"2026-04-25T19:03:28","slug":"martius-rukavice-celokozene-kevlar","status":"publish","type":"product","link":"https:\/\/gajos.sk\/eshop\/p\/martius-rukavice-celokozene-kevlar\/","title":{"rendered":"MARTIUS rukavice celoko\u017een\u00e9 Kevlar"},"content":{"rendered":"","protected":false},"excerpt":{"rendered":"<p>Rukavice z hov\u00e4dzej \u0161tiepenky, byvolia l\u00edcovka na dlani pre zv\u00fd\u0161enie komfortu a lep\u0161\u00ed \u00fachop, \u0161it\u00e9 kevlarovou ni\u0165ou, zv\u00e1ra\u010dsk\u00e1 kateg\u00f3ria B.<\/p>\n","protected":false},"featured_media":325879,"template":"","meta":{"_acf_changed":false,"inline_featured_image":false},"product_brand":[],"product_cat":[2134,2124],"product_tag":[1179],"class_list":{"0":"post-325877","1":"product","2":"type-product","3":"status-publish","4":"has-post-thumbnail","6":"product_cat-celokozene","7":"product_cat-rukavice","8":"product_tag-cerva","9":"pa_velkost-3050","11":"first","12":"instock","13":"taxable","14":"shipping-taxable","15":"purchasable","16":"product-type-variable"},"acf":[],"_links":{"self":[{"href":"https:\/\/gajos.sk\/eshop\/wp-json\/wp\/v2\/product\/325877","targetHints":{"allow":["GET"]}}],"collection":[{"href":"https:\/\/gajos.sk\/eshop\/wp-json\/wp\/v2\/product"}],"about":[{"href":"https:\/\/gajos.sk\/eshop\/wp-json\/wp\/v2\/types\/product"}],"wp:featuredmedia":[{"embeddable":true,"href":"https:\/\/gajos.sk\/eshop\/wp-json\/wp\/v2\/media\/325879"}],"wp:attachment":[{"href":"https:\/\/gajos.sk\/eshop\/wp-json\/wp\/v2\/media?parent=325877"}],"wp:term":[{"taxonomy":"product_brand","embeddable":true,"href":"https:\/\/gajos.sk\/eshop\/wp-json\/wp\/v2\/product_brand?post=325877"},{"taxonomy":"product_cat","embeddable":true,"href":"https:\/\/gajos.sk\/eshop\/wp-json\/wp\/v2\/product_cat?post=325877"},{"taxonomy":"product_tag","embeddable":true,"href":"https:\/\/gajos.sk\/eshop\/wp-json\/wp\/v2\/product_tag?post=325877"}],"curies":[{"name":"wp","href":"https:\/\/api.w.org\/{rel}","templated":true}]}}