{"id":325851,"date":"2024-03-01T17:35:37","date_gmt":"2024-03-01T16:35:37","guid":{"rendered":"https:\/\/gajostest.a2hosted.com\/eshop\/merlin-rukavice-celokozene-2\/"},"modified":"2026-04-25T21:03:28","modified_gmt":"2026-04-25T19:03:28","slug":"merlin-rukavice-celokozene-2","status":"publish","type":"product","link":"https:\/\/gajos.sk\/eshop\/p\/merlin-rukavice-celokozene-2\/","title":{"rendered":"MERLIN rukavice celoko\u017een\u00e9"},"content":{"rendered":"","protected":false},"excerpt":{"rendered":"<p>Pre lep\u0161ie prisp\u00f4sobenie vyu\u017eite plastov\u00fa sponu na zopnutie gumi\u010diek za hlavou, ktor\u00e1 je s\u00fa\u010das\u0165ou balenia.<\/p>\n","protected":false},"featured_media":325847,"template":"","meta":{"_acf_changed":false,"inline_featured_image":false},"product_brand":[],"product_cat":[2134,2124],"product_tag":[1179],"class_list":{"0":"post-325851","1":"product","2":"type-product","3":"status-publish","4":"has-post-thumbnail","6":"product_cat-celokozene","7":"product_cat-rukavice","8":"product_tag-cerva","9":"pa_velkost-3050","11":"first","12":"instock","13":"taxable","14":"shipping-taxable","15":"purchasable","16":"product-type-variable"},"acf":[],"_links":{"self":[{"href":"https:\/\/gajos.sk\/eshop\/wp-json\/wp\/v2\/product\/325851","targetHints":{"allow":["GET"]}}],"collection":[{"href":"https:\/\/gajos.sk\/eshop\/wp-json\/wp\/v2\/product"}],"about":[{"href":"https:\/\/gajos.sk\/eshop\/wp-json\/wp\/v2\/types\/product"}],"wp:featuredmedia":[{"embeddable":true,"href":"https:\/\/gajos.sk\/eshop\/wp-json\/wp\/v2\/media\/325847"}],"wp:attachment":[{"href":"https:\/\/gajos.sk\/eshop\/wp-json\/wp\/v2\/media?parent=325851"}],"wp:term":[{"taxonomy":"product_brand","embeddable":true,"href":"https:\/\/gajos.sk\/eshop\/wp-json\/wp\/v2\/product_brand?post=325851"},{"taxonomy":"product_cat","embeddable":true,"href":"https:\/\/gajos.sk\/eshop\/wp-json\/wp\/v2\/product_cat?post=325851"},{"taxonomy":"product_tag","embeddable":true,"href":"https:\/\/gajos.sk\/eshop\/wp-json\/wp\/v2\/product_tag?post=325851"}],"curies":[{"name":"wp","href":"https:\/\/api.w.org\/{rel}","templated":true}]}}