{"id":325842,"date":"2024-03-01T17:35:37","date_gmt":"2024-03-01T16:35:37","guid":{"rendered":"https:\/\/gajostest.a2hosted.com\/eshop\/snipe-rukavice-celokozene\/"},"modified":"2026-04-25T21:03:28","modified_gmt":"2026-04-25T19:03:28","slug":"snipe-rukavice-celokozene","status":"publish","type":"product","link":"https:\/\/gajos.sk\/eshop\/p\/snipe-rukavice-celokozene\/","title":{"rendered":"SNIPE rukavice celoko\u017een\u00e9"},"content":{"rendered":"","protected":false},"excerpt":{"rendered":"<p>Celoko\u017een\u00e9 rukavice bez pod\u0161\u00edvky z hov\u011bz\u00ed \u0161t\u00edpenky, s tuhou 7 cm \u0161irokou man\u017eetou.<\/p>\n","protected":false},"featured_media":325844,"template":"","meta":{"_acf_changed":false,"inline_featured_image":false},"product_brand":[],"product_cat":[2134,2124],"product_tag":[1179],"class_list":{"0":"post-325842","1":"product","2":"type-product","3":"status-publish","4":"has-post-thumbnail","6":"product_cat-celokozene","7":"product_cat-rukavice","8":"product_tag-cerva","9":"pa_velkost-3050","11":"first","12":"instock","13":"taxable","14":"shipping-taxable","15":"purchasable","16":"product-type-variable"},"acf":[],"_links":{"self":[{"href":"https:\/\/gajos.sk\/eshop\/wp-json\/wp\/v2\/product\/325842","targetHints":{"allow":["GET"]}}],"collection":[{"href":"https:\/\/gajos.sk\/eshop\/wp-json\/wp\/v2\/product"}],"about":[{"href":"https:\/\/gajos.sk\/eshop\/wp-json\/wp\/v2\/types\/product"}],"wp:featuredmedia":[{"embeddable":true,"href":"https:\/\/gajos.sk\/eshop\/wp-json\/wp\/v2\/media\/325844"}],"wp:attachment":[{"href":"https:\/\/gajos.sk\/eshop\/wp-json\/wp\/v2\/media?parent=325842"}],"wp:term":[{"taxonomy":"product_brand","embeddable":true,"href":"https:\/\/gajos.sk\/eshop\/wp-json\/wp\/v2\/product_brand?post=325842"},{"taxonomy":"product_cat","embeddable":true,"href":"https:\/\/gajos.sk\/eshop\/wp-json\/wp\/v2\/product_cat?post=325842"},{"taxonomy":"product_tag","embeddable":true,"href":"https:\/\/gajos.sk\/eshop\/wp-json\/wp\/v2\/product_tag?post=325842"}],"curies":[{"name":"wp","href":"https:\/\/api.w.org\/{rel}","templated":true}]}}