{"id":325753,"date":"2024-03-01T17:34:02","date_gmt":"2024-03-01T16:34:02","guid":{"rendered":"https:\/\/gajostest.a2hosted.com\/eshop\/tb-17mecanix-rukavice\/"},"modified":"2026-04-11T17:46:47","modified_gmt":"2026-04-11T15:46:47","slug":"tb-17mecanix-rukavice","status":"publish","type":"product","link":"https:\/\/gajos.sk\/eshop\/p\/tb-17mecanix-rukavice\/","title":{"rendered":"TB 17MECANIX rukavice"},"content":{"rendered":"","protected":false},"excerpt":{"rendered":"<p>\u010dierne rukavice zo syntetickej ko\u017ee s reflexn\u00fdm \u017elt\u00fdm polyesterov\u00fdm vystu\u017een\u00edm na chrbte ruky, spolo\u010dne s neopr\u00e9nom; zosilnenie medzi palcom a ukazov\u00e1kom; such\u00fd zips; neopr\u00e9nov\u00e1 man\u017eeta<\/p>\n","protected":false},"featured_media":325755,"template":"","meta":{"_acf_changed":false,"inline_featured_image":false},"product_brand":[],"product_cat":[2150,2124],"product_tag":[1253],"class_list":{"0":"post-325753","1":"product","2":"type-product","3":"status-publish","4":"has-post-thumbnail","6":"product_cat-kozene-kombinovane","7":"product_cat-rukavice","8":"product_tag-tomas-bodero","9":"pa_velkost-3057","10":"pa_velkost-3058","11":"pa_velkost-3062","12":"pa_velkost-3050","13":"pa_velkost-3051","14":"pa_velkost-3052","16":"first","17":"instock","18":"taxable","19":"shipping-taxable","20":"product-type-variable"},"acf":[],"_links":{"self":[{"href":"https:\/\/gajos.sk\/eshop\/wp-json\/wp\/v2\/product\/325753","targetHints":{"allow":["GET"]}}],"collection":[{"href":"https:\/\/gajos.sk\/eshop\/wp-json\/wp\/v2\/product"}],"about":[{"href":"https:\/\/gajos.sk\/eshop\/wp-json\/wp\/v2\/types\/product"}],"wp:featuredmedia":[{"embeddable":true,"href":"https:\/\/gajos.sk\/eshop\/wp-json\/wp\/v2\/media\/325755"}],"wp:attachment":[{"href":"https:\/\/gajos.sk\/eshop\/wp-json\/wp\/v2\/media?parent=325753"}],"wp:term":[{"taxonomy":"product_brand","embeddable":true,"href":"https:\/\/gajos.sk\/eshop\/wp-json\/wp\/v2\/product_brand?post=325753"},{"taxonomy":"product_cat","embeddable":true,"href":"https:\/\/gajos.sk\/eshop\/wp-json\/wp\/v2\/product_cat?post=325753"},{"taxonomy":"product_tag","embeddable":true,"href":"https:\/\/gajos.sk\/eshop\/wp-json\/wp\/v2\/product_tag?post=325753"}],"curies":[{"name":"wp","href":"https:\/\/api.w.org\/{rel}","templated":true}]}}