{"id":325740,"date":"2024-03-01T17:33:55","date_gmt":"2024-03-01T16:33:55","guid":{"rendered":"https:\/\/gajostest.a2hosted.com\/eshop\/mark-tl-defend-rukavice\/"},"modified":"2026-04-15T21:02:21","modified_gmt":"2026-04-15T19:02:21","slug":"mark-tl-defend-rukavice","status":"publish","type":"product","link":"https:\/\/gajos.sk\/eshop\/p\/mark-tl-defend-rukavice\/","title":{"rendered":"MARK TL DEFEND rukavice"},"content":{"rendered":"","protected":false},"excerpt":{"rendered":"<p>Elastick\u00fd h\u0159bet ruky zaji\u0161\u0165uje optim\u00e1ln\u00ed pohyb, polstrovan\u00e9 tlum\u00edc\u00ed podlo\u017eky poskytuj\u00ed extra ochranu, zap\u00edn\u00e1n\u00ed na such\u00fd zip na z\u00e1p\u011bst\u00ed, PVC ochrana kloub\u016f<\/p>\n","protected":false},"featured_media":325742,"template":"","meta":{"_acf_changed":false,"inline_featured_image":false},"product_brand":[],"product_cat":[2150,2124],"product_tag":[1274],"class_list":{"0":"post-325740","1":"product","2":"type-product","3":"status-publish","4":"has-post-thumbnail","6":"product_cat-kozene-kombinovane","7":"product_cat-rukavice","8":"product_tag-safeworker","9":"pa_farba-cierna","10":"pa_velkost-3050","11":"pa_velkost-3051","13":"first","14":"instock","15":"taxable","16":"shipping-taxable","17":"product-type-variable"},"acf":[],"_links":{"self":[{"href":"https:\/\/gajos.sk\/eshop\/wp-json\/wp\/v2\/product\/325740","targetHints":{"allow":["GET"]}}],"collection":[{"href":"https:\/\/gajos.sk\/eshop\/wp-json\/wp\/v2\/product"}],"about":[{"href":"https:\/\/gajos.sk\/eshop\/wp-json\/wp\/v2\/types\/product"}],"wp:featuredmedia":[{"embeddable":true,"href":"https:\/\/gajos.sk\/eshop\/wp-json\/wp\/v2\/media\/325742"}],"wp:attachment":[{"href":"https:\/\/gajos.sk\/eshop\/wp-json\/wp\/v2\/media?parent=325740"}],"wp:term":[{"taxonomy":"product_brand","embeddable":true,"href":"https:\/\/gajos.sk\/eshop\/wp-json\/wp\/v2\/product_brand?post=325740"},{"taxonomy":"product_cat","embeddable":true,"href":"https:\/\/gajos.sk\/eshop\/wp-json\/wp\/v2\/product_cat?post=325740"},{"taxonomy":"product_tag","embeddable":true,"href":"https:\/\/gajos.sk\/eshop\/wp-json\/wp\/v2\/product_tag?post=325740"}],"curies":[{"name":"wp","href":"https:\/\/api.w.org\/{rel}","templated":true}]}}