{"id":325730,"date":"2024-03-01T17:33:49","date_gmt":"2024-03-01T16:33:49","guid":{"rendered":"https:\/\/gajostest.a2hosted.com\/eshop\/gouwe-120114-rukavice\/"},"modified":"2026-04-15T21:02:21","modified_gmt":"2026-04-15T19:02:21","slug":"gouwe-120114-rukavice","status":"publish","type":"product","link":"https:\/\/gajos.sk\/eshop\/p\/gouwe-120114-rukavice\/","title":{"rendered":"GOUWE 120114 rukavice"},"content":{"rendered":"","protected":false},"excerpt":{"rendered":"<p>hov\u011bz\u00ed k\u016f\u017ee, pod\u0161\u00edvka, bavln\u011bn\u00e1 h\u0159bet s ko\u017eenou ochranou kloub\u016f, zes\u00edlen\u00e1 man\u017eeta 10 cm poskytuje extra pevnost kolem z\u00e1p\u011bst\u00ed, dla\u0148 je vyrobena z jednoho kusu<\/p>\n","protected":false},"featured_media":325732,"template":"","meta":{"_acf_changed":false,"inline_featured_image":false},"product_brand":[],"product_cat":[2150,2124],"product_tag":[1274],"class_list":{"0":"post-325730","1":"product","2":"type-product","3":"status-publish","4":"has-post-thumbnail","6":"product_cat-kozene-kombinovane","7":"product_cat-rukavice","8":"product_tag-safeworker","9":"pa_velkost-3051","11":"first","12":"instock","13":"taxable","14":"shipping-taxable","15":"product-type-variable"},"acf":[],"_links":{"self":[{"href":"https:\/\/gajos.sk\/eshop\/wp-json\/wp\/v2\/product\/325730","targetHints":{"allow":["GET"]}}],"collection":[{"href":"https:\/\/gajos.sk\/eshop\/wp-json\/wp\/v2\/product"}],"about":[{"href":"https:\/\/gajos.sk\/eshop\/wp-json\/wp\/v2\/types\/product"}],"wp:featuredmedia":[{"embeddable":true,"href":"https:\/\/gajos.sk\/eshop\/wp-json\/wp\/v2\/media\/325732"}],"wp:attachment":[{"href":"https:\/\/gajos.sk\/eshop\/wp-json\/wp\/v2\/media?parent=325730"}],"wp:term":[{"taxonomy":"product_brand","embeddable":true,"href":"https:\/\/gajos.sk\/eshop\/wp-json\/wp\/v2\/product_brand?post=325730"},{"taxonomy":"product_cat","embeddable":true,"href":"https:\/\/gajos.sk\/eshop\/wp-json\/wp\/v2\/product_cat?post=325730"},{"taxonomy":"product_tag","embeddable":true,"href":"https:\/\/gajos.sk\/eshop\/wp-json\/wp\/v2\/product_tag?post=325730"}],"curies":[{"name":"wp","href":"https:\/\/api.w.org\/{rel}","templated":true}]}}