{"id":325727,"date":"2024-03-01T17:33:49","date_gmt":"2024-03-01T16:33:49","guid":{"rendered":"https:\/\/gajostest.a2hosted.com\/eshop\/fivel-112213-rukavice\/"},"modified":"2026-04-15T21:02:21","modified_gmt":"2026-04-15T19:02:21","slug":"fivel-112213-rukavice","status":"publish","type":"product","link":"https:\/\/gajos.sk\/eshop\/p\/fivel-112213-rukavice\/","title":{"rendered":"FIVEL 112213 rukavice"},"content":{"rendered":"","protected":false},"excerpt":{"rendered":"<p>Hov\u011bz\u00ed \u0161t\u00edpenka, bavln\u011bn\u00fd h\u0159bet s ko\u017eenou v\u00fdztuhou kloub\u016f, dla\u0148 vyrobena z jednoho kusu<\/p>\n","protected":false},"featured_media":325729,"template":"","meta":{"_acf_changed":false,"inline_featured_image":false},"product_brand":[],"product_cat":[2150,2124],"product_tag":[1274],"class_list":{"0":"post-325727","1":"product","2":"type-product","3":"status-publish","4":"has-post-thumbnail","6":"product_cat-kozene-kombinovane","7":"product_cat-rukavice","8":"product_tag-safeworker","9":"pa_velkost-3051","11":"first","12":"instock","13":"taxable","14":"shipping-taxable","15":"product-type-variable"},"acf":[],"_links":{"self":[{"href":"https:\/\/gajos.sk\/eshop\/wp-json\/wp\/v2\/product\/325727","targetHints":{"allow":["GET"]}}],"collection":[{"href":"https:\/\/gajos.sk\/eshop\/wp-json\/wp\/v2\/product"}],"about":[{"href":"https:\/\/gajos.sk\/eshop\/wp-json\/wp\/v2\/types\/product"}],"wp:featuredmedia":[{"embeddable":true,"href":"https:\/\/gajos.sk\/eshop\/wp-json\/wp\/v2\/media\/325729"}],"wp:attachment":[{"href":"https:\/\/gajos.sk\/eshop\/wp-json\/wp\/v2\/media?parent=325727"}],"wp:term":[{"taxonomy":"product_brand","embeddable":true,"href":"https:\/\/gajos.sk\/eshop\/wp-json\/wp\/v2\/product_brand?post=325727"},{"taxonomy":"product_cat","embeddable":true,"href":"https:\/\/gajos.sk\/eshop\/wp-json\/wp\/v2\/product_cat?post=325727"},{"taxonomy":"product_tag","embeddable":true,"href":"https:\/\/gajos.sk\/eshop\/wp-json\/wp\/v2\/product_tag?post=325727"}],"curies":[{"name":"wp","href":"https:\/\/api.w.org\/{rel}","templated":true}]}}