{"id":325721,"date":"2024-03-01T17:33:45","date_gmt":"2024-03-01T16:33:45","guid":{"rendered":"https:\/\/gajostest.a2hosted.com\/eshop\/lanius-rukavice-kombinovane\/"},"modified":"2026-04-30T21:02:56","modified_gmt":"2026-04-30T19:02:56","slug":"lanius-rukavice-kombinovane","status":"publish","type":"product","link":"https:\/\/gajos.sk\/eshop\/p\/lanius-rukavice-kombinovane\/","title":{"rendered":"LANIUS rukavice kombinovan\u00e9"},"content":{"rendered":"","protected":false},"excerpt":{"rendered":"<p>Kombinovan\u00e1 rukavica z hov\u00e4dzej \u0161tiepenky a bavlnenej tkaniny.<\/p>\n","protected":false},"featured_media":325723,"template":"","meta":{"_acf_changed":false,"inline_featured_image":false},"product_brand":[],"product_cat":[2150,2124],"product_tag":[1179],"class_list":{"0":"post-325721","1":"product","2":"type-product","3":"status-publish","4":"has-post-thumbnail","6":"product_cat-kozene-kombinovane","7":"product_cat-rukavice","8":"product_tag-cerva","9":"pa_farba-biela-siva","10":"pa_velkost-3050","11":"pa_velkost-3051","12":"pa_velkost-3052","13":"pa_velkost-3054","15":"first","16":"instock","17":"taxable","18":"shipping-taxable","19":"purchasable","20":"product-type-variable"},"acf":[],"_links":{"self":[{"href":"https:\/\/gajos.sk\/eshop\/wp-json\/wp\/v2\/product\/325721","targetHints":{"allow":["GET"]}}],"collection":[{"href":"https:\/\/gajos.sk\/eshop\/wp-json\/wp\/v2\/product"}],"about":[{"href":"https:\/\/gajos.sk\/eshop\/wp-json\/wp\/v2\/types\/product"}],"wp:featuredmedia":[{"embeddable":true,"href":"https:\/\/gajos.sk\/eshop\/wp-json\/wp\/v2\/media\/325723"}],"wp:attachment":[{"href":"https:\/\/gajos.sk\/eshop\/wp-json\/wp\/v2\/media?parent=325721"}],"wp:term":[{"taxonomy":"product_brand","embeddable":true,"href":"https:\/\/gajos.sk\/eshop\/wp-json\/wp\/v2\/product_brand?post=325721"},{"taxonomy":"product_cat","embeddable":true,"href":"https:\/\/gajos.sk\/eshop\/wp-json\/wp\/v2\/product_cat?post=325721"},{"taxonomy":"product_tag","embeddable":true,"href":"https:\/\/gajos.sk\/eshop\/wp-json\/wp\/v2\/product_tag?post=325721"}],"curies":[{"name":"wp","href":"https:\/\/api.w.org\/{rel}","templated":true}]}}