{"id":325711,"date":"2024-03-01T17:33:40","date_gmt":"2024-03-01T16:33:40","guid":{"rendered":"https:\/\/gajostest.a2hosted.com\/eshop\/ijssel-sense-tl-pro-rukavice\/"},"modified":"2026-04-15T21:02:20","modified_gmt":"2026-04-15T19:02:20","slug":"ijssel-sense-tl-pro-rukavice","status":"publish","type":"product","link":"https:\/\/gajos.sk\/eshop\/p\/ijssel-sense-tl-pro-rukavice\/","title":{"rendered":"IJSSEL SENSE TL PRO rukavice"},"content":{"rendered":"","protected":false},"excerpt":{"rendered":"<p>Clarino tlum\u00edc\u00ed vycp\u00e1vky v dlani, clarino je kvalitn\u00ed syntetick\u00e1 k\u016f\u017ee, elastick\u00fd h\u0159bet zaji\u0161\u0165uje optim\u00e1ln\u00ed pohyb ruky, zap\u00edn\u00e1n\u00ed na such\u00fd zip na z\u00e1p\u011bst\u00ed, bez palce, ukazov\u00e1\u010dku a prost\u0159edn\u00edku pro maxim\u00e1ln\u00ed citlivost<\/p>\n","protected":false},"featured_media":325713,"template":"","meta":{"_acf_changed":false,"inline_featured_image":false},"product_brand":[],"product_cat":[2150,2124],"product_tag":[1274],"class_list":{"0":"post-325711","1":"product","2":"type-product","3":"status-publish","4":"has-post-thumbnail","6":"product_cat-kozene-kombinovane","7":"product_cat-rukavice","8":"product_tag-safeworker","9":"pa_velkost-3051","10":"pa_velkost-3050","12":"first","13":"instock","14":"taxable","15":"shipping-taxable","16":"product-type-variable"},"acf":[],"_links":{"self":[{"href":"https:\/\/gajos.sk\/eshop\/wp-json\/wp\/v2\/product\/325711","targetHints":{"allow":["GET"]}}],"collection":[{"href":"https:\/\/gajos.sk\/eshop\/wp-json\/wp\/v2\/product"}],"about":[{"href":"https:\/\/gajos.sk\/eshop\/wp-json\/wp\/v2\/types\/product"}],"wp:featuredmedia":[{"embeddable":true,"href":"https:\/\/gajos.sk\/eshop\/wp-json\/wp\/v2\/media\/325713"}],"wp:attachment":[{"href":"https:\/\/gajos.sk\/eshop\/wp-json\/wp\/v2\/media?parent=325711"}],"wp:term":[{"taxonomy":"product_brand","embeddable":true,"href":"https:\/\/gajos.sk\/eshop\/wp-json\/wp\/v2\/product_brand?post=325711"},{"taxonomy":"product_cat","embeddable":true,"href":"https:\/\/gajos.sk\/eshop\/wp-json\/wp\/v2\/product_cat?post=325711"},{"taxonomy":"product_tag","embeddable":true,"href":"https:\/\/gajos.sk\/eshop\/wp-json\/wp\/v2\/product_tag?post=325711"}],"curies":[{"name":"wp","href":"https:\/\/api.w.org\/{rel}","templated":true}]}}