{"id":325700,"date":"2024-03-01T17:33:34","date_gmt":"2024-03-01T16:33:34","guid":{"rendered":"https:\/\/gajostest.a2hosted.com\/eshop\/brick-rukavice-kombinovane\/"},"modified":"2026-04-25T21:03:28","modified_gmt":"2026-04-25T19:03:28","slug":"brick-rukavice-kombinovane","status":"publish","type":"product","link":"https:\/\/gajos.sk\/eshop\/p\/brick-rukavice-kombinovane\/","title":{"rendered":"BRICK rukavice kombinovan\u00e9"},"content":{"rendered":"","protected":false},"excerpt":{"rendered":"<p>Rukavice z umelej ko\u017ee s vystu\u017euj\u00facimi vank\u00fa\u0161ikmi v dlani. Vhodn\u00e9 pre \u013eahk\u00e9 a\u017e n\u00e1ro\u010dnej\u0161ie \u010dinnosti. Elastick\u00fd chrb\u00e1t, zap\u00ednanie na such\u00fd zips na z\u00e1p\u00e4st\u00ed. EN 420, EN 388: 2004<\/p>\n","protected":false},"featured_media":325702,"template":"","meta":{"_acf_changed":false,"inline_featured_image":false},"product_brand":[],"product_cat":[2150,2124],"product_tag":[1387],"class_list":{"0":"post-325700","1":"product","2":"type-product","3":"status-publish","4":"has-post-thumbnail","6":"product_cat-kozene-kombinovane","7":"product_cat-rukavice","8":"product_tag-kixx","9":"pa_farba-zlta","10":"pa_velkost-3051","12":"first","13":"instock","14":"taxable","15":"shipping-taxable","16":"purchasable","17":"product-type-variable"},"acf":[],"_links":{"self":[{"href":"https:\/\/gajos.sk\/eshop\/wp-json\/wp\/v2\/product\/325700","targetHints":{"allow":["GET"]}}],"collection":[{"href":"https:\/\/gajos.sk\/eshop\/wp-json\/wp\/v2\/product"}],"about":[{"href":"https:\/\/gajos.sk\/eshop\/wp-json\/wp\/v2\/types\/product"}],"wp:featuredmedia":[{"embeddable":true,"href":"https:\/\/gajos.sk\/eshop\/wp-json\/wp\/v2\/media\/325702"}],"wp:attachment":[{"href":"https:\/\/gajos.sk\/eshop\/wp-json\/wp\/v2\/media?parent=325700"}],"wp:term":[{"taxonomy":"product_brand","embeddable":true,"href":"https:\/\/gajos.sk\/eshop\/wp-json\/wp\/v2\/product_brand?post=325700"},{"taxonomy":"product_cat","embeddable":true,"href":"https:\/\/gajos.sk\/eshop\/wp-json\/wp\/v2\/product_cat?post=325700"},{"taxonomy":"product_tag","embeddable":true,"href":"https:\/\/gajos.sk\/eshop\/wp-json\/wp\/v2\/product_tag?post=325700"}],"curies":[{"name":"wp","href":"https:\/\/api.w.org\/{rel}","templated":true}]}}