{"id":325688,"date":"2024-03-01T17:33:31","date_gmt":"2024-03-01T16:33:31","guid":{"rendered":"https:\/\/gajostest.a2hosted.com\/eshop\/1st-vibra-x-rukavice\/"},"modified":"2026-04-25T21:03:28","modified_gmt":"2026-04-25T19:03:28","slug":"1st-vibra-x-rukavice","status":"publish","type":"product","link":"https:\/\/gajos.sk\/eshop\/p\/1st-vibra-x-rukavice\/","title":{"rendered":"1st VIBRA-X rukavice"},"content":{"rendered":"","protected":false},"excerpt":{"rendered":"<p>\u0160it\u00e9 rukavice chrb\u00e1t polyester\/Spandex\u00ae HiViz, dla\u0148 mikrovl\u00e1kno- syntetick\u00e1 r\u00fdchloschn\u00faca use\u0148 hr\u00fabky 0,8 mm so \u0161peci\u00e1lnou antivibra\u010dnou vlo\u017ekou. Potla\u010d prstov vysoko kvalitn\u00fdm silik\u00f3nom. Pod\u0161\u00edvka 100 % polyester. Neopr\u00e9nov\u00e1 man\u017eeta so zap\u00ednan\u00edm na such\u00fd zips. Plastov\u00fd h\u00e1\u010dik s ozna\u010den\u00edm ve\u013ekosti.<\/p>\n","protected":false},"featured_media":325690,"template":"","meta":{"_acf_changed":false,"inline_featured_image":false},"product_brand":[],"product_cat":[2150,2124],"product_tag":[1240],"class_list":{"0":"post-325688","1":"product","2":"type-product","3":"status-publish","4":"has-post-thumbnail","6":"product_cat-kozene-kombinovane","7":"product_cat-rukavice","8":"product_tag-os","9":"pa_farba-cierna","10":"pa_velkost-3050","11":"pa_velkost-3051","12":"pa_velkost-3052","14":"first","15":"instock","16":"taxable","17":"shipping-taxable","18":"purchasable","19":"product-type-variable"},"acf":[],"_links":{"self":[{"href":"https:\/\/gajos.sk\/eshop\/wp-json\/wp\/v2\/product\/325688","targetHints":{"allow":["GET"]}}],"collection":[{"href":"https:\/\/gajos.sk\/eshop\/wp-json\/wp\/v2\/product"}],"about":[{"href":"https:\/\/gajos.sk\/eshop\/wp-json\/wp\/v2\/types\/product"}],"wp:featuredmedia":[{"embeddable":true,"href":"https:\/\/gajos.sk\/eshop\/wp-json\/wp\/v2\/media\/325690"}],"wp:attachment":[{"href":"https:\/\/gajos.sk\/eshop\/wp-json\/wp\/v2\/media?parent=325688"}],"wp:term":[{"taxonomy":"product_brand","embeddable":true,"href":"https:\/\/gajos.sk\/eshop\/wp-json\/wp\/v2\/product_brand?post=325688"},{"taxonomy":"product_cat","embeddable":true,"href":"https:\/\/gajos.sk\/eshop\/wp-json\/wp\/v2\/product_cat?post=325688"},{"taxonomy":"product_tag","embeddable":true,"href":"https:\/\/gajos.sk\/eshop\/wp-json\/wp\/v2\/product_tag?post=325688"}],"curies":[{"name":"wp","href":"https:\/\/api.w.org\/{rel}","templated":true}]}}