{"id":325683,"date":"2024-03-01T17:33:24","date_gmt":"2024-03-01T16:33:24","guid":{"rendered":"https:\/\/gajostest.a2hosted.com\/eshop\/1st-grip-rukavice\/"},"modified":"2026-04-25T21:03:28","modified_gmt":"2026-04-25T19:03:28","slug":"1st-grip-rukavice","status":"publish","type":"product","link":"https:\/\/gajos.sk\/eshop\/p\/1st-grip-rukavice\/","title":{"rendered":"1st GRIP rukavice"},"content":{"rendered":"","protected":false},"excerpt":{"rendered":"<p>\u0160it\u00e9 rukavice, chrb\u00e1t Hi-Viz polyester\/Spandex\u00ae, dla\u0148 a krytie nechtov syntetick\u00e1 use\u0148 potla\u010den\u00e1 silik\u00f3nom pre zabezpe\u010denie lep\u0161ieho proti \u0161myku. Neopr\u00e9nov\u00e1 man\u017eeta so zap\u00ednan\u00edm na such\u00fd zips. Vrchn\u00e1 strana palca z frot\u00e9 materi\u00e1lu vhodn\u00e9ho na odstra\u0148ovanie potu.<\/p>\n","protected":false},"featured_media":325685,"template":"","meta":{"_acf_changed":false,"inline_featured_image":false},"product_brand":[],"product_cat":[2150,2124],"product_tag":[1240],"class_list":{"0":"post-325683","1":"product","2":"type-product","3":"status-publish","4":"has-post-thumbnail","6":"product_cat-kozene-kombinovane","7":"product_cat-rukavice","8":"product_tag-os","9":"pa_farba-cierna","10":"pa_velkost-3050","11":"pa_velkost-3051","12":"pa_velkost-3052","14":"first","15":"instock","16":"taxable","17":"shipping-taxable","18":"purchasable","19":"product-type-variable"},"acf":[],"_links":{"self":[{"href":"https:\/\/gajos.sk\/eshop\/wp-json\/wp\/v2\/product\/325683","targetHints":{"allow":["GET"]}}],"collection":[{"href":"https:\/\/gajos.sk\/eshop\/wp-json\/wp\/v2\/product"}],"about":[{"href":"https:\/\/gajos.sk\/eshop\/wp-json\/wp\/v2\/types\/product"}],"wp:featuredmedia":[{"embeddable":true,"href":"https:\/\/gajos.sk\/eshop\/wp-json\/wp\/v2\/media\/325685"}],"wp:attachment":[{"href":"https:\/\/gajos.sk\/eshop\/wp-json\/wp\/v2\/media?parent=325683"}],"wp:term":[{"taxonomy":"product_brand","embeddable":true,"href":"https:\/\/gajos.sk\/eshop\/wp-json\/wp\/v2\/product_brand?post=325683"},{"taxonomy":"product_cat","embeddable":true,"href":"https:\/\/gajos.sk\/eshop\/wp-json\/wp\/v2\/product_cat?post=325683"},{"taxonomy":"product_tag","embeddable":true,"href":"https:\/\/gajos.sk\/eshop\/wp-json\/wp\/v2\/product_tag?post=325683"}],"curies":[{"name":"wp","href":"https:\/\/api.w.org\/{rel}","templated":true}]}}