{"id":325680,"date":"2024-03-01T17:33:24","date_gmt":"2024-03-01T16:33:24","guid":{"rendered":"https:\/\/gajostest.a2hosted.com\/eshop\/1st-technic-rukavice\/"},"modified":"2026-04-11T17:46:46","modified_gmt":"2026-04-11T15:46:46","slug":"1st-technic-rukavice","status":"publish","type":"product","link":"https:\/\/gajos.sk\/eshop\/p\/1st-technic-rukavice\/","title":{"rendered":"1st TECHNIC  rukavice"},"content":{"rendered":"","protected":false},"excerpt":{"rendered":"<p>\u013dahk\u00e9 mont\u00e1\u017ene rukavice, chrb\u00e1t \u010dierny polyester, dla\u0148, palec a krytie nechtov syntetick\u00e1 use\u0148 z mikrovl\u00e1kna. Gumi\u010dka v hornej \u010dasti z\u00e1p\u00e4stia.<\/p>\n","protected":false},"featured_media":325682,"template":"","meta":{"_acf_changed":false,"inline_featured_image":false},"product_brand":[],"product_cat":[2150,2124],"product_tag":[1240],"class_list":{"0":"post-325680","1":"product","2":"type-product","3":"status-publish","4":"has-post-thumbnail","6":"product_cat-kozene-kombinovane","7":"product_cat-rukavice","8":"product_tag-os","9":"pa_velkost-3050","11":"first","12":"instock","13":"taxable","14":"shipping-taxable","15":"product-type-variable"},"acf":[],"_links":{"self":[{"href":"https:\/\/gajos.sk\/eshop\/wp-json\/wp\/v2\/product\/325680","targetHints":{"allow":["GET"]}}],"collection":[{"href":"https:\/\/gajos.sk\/eshop\/wp-json\/wp\/v2\/product"}],"about":[{"href":"https:\/\/gajos.sk\/eshop\/wp-json\/wp\/v2\/types\/product"}],"wp:featuredmedia":[{"embeddable":true,"href":"https:\/\/gajos.sk\/eshop\/wp-json\/wp\/v2\/media\/325682"}],"wp:attachment":[{"href":"https:\/\/gajos.sk\/eshop\/wp-json\/wp\/v2\/media?parent=325680"}],"wp:term":[{"taxonomy":"product_brand","embeddable":true,"href":"https:\/\/gajos.sk\/eshop\/wp-json\/wp\/v2\/product_brand?post=325680"},{"taxonomy":"product_cat","embeddable":true,"href":"https:\/\/gajos.sk\/eshop\/wp-json\/wp\/v2\/product_cat?post=325680"},{"taxonomy":"product_tag","embeddable":true,"href":"https:\/\/gajos.sk\/eshop\/wp-json\/wp\/v2\/product_tag?post=325680"}],"curies":[{"name":"wp","href":"https:\/\/api.w.org\/{rel}","templated":true}]}}