{"id":325677,"date":"2024-03-01T17:33:24","date_gmt":"2024-03-01T16:33:24","guid":{"rendered":"https:\/\/gajostest.a2hosted.com\/eshop\/ff-chukar-winter-light-rukavice\/"},"modified":"2026-04-17T21:09:52","modified_gmt":"2026-04-17T19:09:52","slug":"ff-chukar-winter-light-rukavice","status":"publish","type":"product","link":"https:\/\/gajos.sk\/eshop\/p\/ff-chukar-winter-light-rukavice\/","title":{"rendered":"FF CHUKAR WINTER LIGHT rukavice"},"content":{"rendered":"","protected":false},"excerpt":{"rendered":"<p>Zimn\u00e9 kombinovan\u00e9 rukavice, dla\u0148 z vinylu, chrb\u00e1t a man\u017eeta zo zmesi bavlna\/polyester. Pohodln\u00e9 a m\u00e4kk\u00e9 i pri n\u00edzkych teplot\u00e1ch.<\/p>\n","protected":false},"featured_media":325679,"template":"","meta":{"_acf_changed":false,"inline_featured_image":false},"product_brand":[],"product_cat":[2175],"product_tag":[1228],"class_list":{"0":"post-325677","1":"product","2":"type-product","3":"status-publish","4":"has-post-thumbnail","6":"product_cat-produkty","7":"product_tag-fridrich-fridrich","8":"pa_farba-zelena","9":"pa_velkost-3050","11":"first","12":"instock","13":"taxable","14":"shipping-taxable","15":"purchasable","16":"product-type-variable"},"acf":[],"_links":{"self":[{"href":"https:\/\/gajos.sk\/eshop\/wp-json\/wp\/v2\/product\/325677","targetHints":{"allow":["GET"]}}],"collection":[{"href":"https:\/\/gajos.sk\/eshop\/wp-json\/wp\/v2\/product"}],"about":[{"href":"https:\/\/gajos.sk\/eshop\/wp-json\/wp\/v2\/types\/product"}],"wp:featuredmedia":[{"embeddable":true,"href":"https:\/\/gajos.sk\/eshop\/wp-json\/wp\/v2\/media\/325679"}],"wp:attachment":[{"href":"https:\/\/gajos.sk\/eshop\/wp-json\/wp\/v2\/media?parent=325677"}],"wp:term":[{"taxonomy":"product_brand","embeddable":true,"href":"https:\/\/gajos.sk\/eshop\/wp-json\/wp\/v2\/product_brand?post=325677"},{"taxonomy":"product_cat","embeddable":true,"href":"https:\/\/gajos.sk\/eshop\/wp-json\/wp\/v2\/product_cat?post=325677"},{"taxonomy":"product_tag","embeddable":true,"href":"https:\/\/gajos.sk\/eshop\/wp-json\/wp\/v2\/product_tag?post=325677"}],"curies":[{"name":"wp","href":"https:\/\/api.w.org\/{rel}","templated":true}]}}