{"id":325674,"date":"2024-03-01T17:33:24","date_gmt":"2024-03-01T16:33:24","guid":{"rendered":"https:\/\/gajostest.a2hosted.com\/eshop\/ff-tern-light-rukavice-blistr\/"},"modified":"2026-04-17T21:09:52","modified_gmt":"2026-04-17T19:09:52","slug":"ff-tern-light-rukavice-blistr","status":"publish","type":"product","link":"https:\/\/gajos.sk\/eshop\/p\/ff-tern-light-rukavice-blistr\/","title":{"rendered":"FF TERN LIGHT rukavice blistr"},"content":{"rendered":"","protected":false},"excerpt":{"rendered":"<p>Rukavice z hov\u00e4dzej \u0161tiepenky v dlani s pod\u0161\u00edvkou, chrb\u00e1t a man\u017eeta z bavlnenej tkaniny.<\/p>\n","protected":false},"featured_media":325676,"template":"","meta":{"_acf_changed":false,"inline_featured_image":false},"product_brand":[],"product_cat":[2150,2124],"product_tag":[1228],"class_list":{"0":"post-325674","1":"product","2":"type-product","3":"status-publish","4":"has-post-thumbnail","6":"product_cat-kozene-kombinovane","7":"product_cat-rukavice","8":"product_tag-fridrich-fridrich","9":"pa_velkost-3051","11":"first","12":"instock","13":"taxable","14":"shipping-taxable","15":"purchasable","16":"product-type-variable"},"acf":[],"_links":{"self":[{"href":"https:\/\/gajos.sk\/eshop\/wp-json\/wp\/v2\/product\/325674","targetHints":{"allow":["GET"]}}],"collection":[{"href":"https:\/\/gajos.sk\/eshop\/wp-json\/wp\/v2\/product"}],"about":[{"href":"https:\/\/gajos.sk\/eshop\/wp-json\/wp\/v2\/types\/product"}],"wp:featuredmedia":[{"embeddable":true,"href":"https:\/\/gajos.sk\/eshop\/wp-json\/wp\/v2\/media\/325676"}],"wp:attachment":[{"href":"https:\/\/gajos.sk\/eshop\/wp-json\/wp\/v2\/media?parent=325674"}],"wp:term":[{"taxonomy":"product_brand","embeddable":true,"href":"https:\/\/gajos.sk\/eshop\/wp-json\/wp\/v2\/product_brand?post=325674"},{"taxonomy":"product_cat","embeddable":true,"href":"https:\/\/gajos.sk\/eshop\/wp-json\/wp\/v2\/product_cat?post=325674"},{"taxonomy":"product_tag","embeddable":true,"href":"https:\/\/gajos.sk\/eshop\/wp-json\/wp\/v2\/product_tag?post=325674"}],"curies":[{"name":"wp","href":"https:\/\/api.w.org\/{rel}","templated":true}]}}