{"id":325550,"date":"2024-03-01T17:31:55","date_gmt":"2024-03-01T16:31:55","guid":{"rendered":"https:\/\/gajostest.a2hosted.com\/eshop\/pelican-rukavice-kombinovane\/"},"modified":"2026-04-15T21:02:20","modified_gmt":"2026-04-15T19:02:20","slug":"pelican-rukavice-kombinovane","status":"publish","type":"product","link":"https:\/\/gajos.sk\/eshop\/p\/pelican-rukavice-kombinovane\/","title":{"rendered":"PELICAN rukavice kombinovan\u00e9"},"content":{"rendered":"","protected":false},"excerpt":{"rendered":"<p>Rukavice \u0161it\u00e9 z jemnej l\u00edcovej ov\u010diny v dlani, bielej bavlnenej tkaniny na chrbte a man\u017eetou na such\u00fd zips.<\/p>\n","protected":false},"featured_media":325552,"template":"","meta":{"_acf_changed":false,"inline_featured_image":false},"product_brand":[],"product_cat":[2150,2124],"product_tag":[1179],"class_list":{"0":"post-325550","1":"product","2":"type-product","3":"status-publish","4":"has-post-thumbnail","6":"product_cat-kozene-kombinovane","7":"product_cat-rukavice","8":"product_tag-cerva","9":"pa_velkost-3050","10":"pa_velkost-3051","11":"pa_velkost-3052","12":"pa_velkost-3057","13":"pa_velkost-3058","15":"first","16":"instock","17":"taxable","18":"shipping-taxable","19":"purchasable","20":"product-type-variable"},"acf":[],"_links":{"self":[{"href":"https:\/\/gajos.sk\/eshop\/wp-json\/wp\/v2\/product\/325550","targetHints":{"allow":["GET"]}}],"collection":[{"href":"https:\/\/gajos.sk\/eshop\/wp-json\/wp\/v2\/product"}],"about":[{"href":"https:\/\/gajos.sk\/eshop\/wp-json\/wp\/v2\/types\/product"}],"wp:featuredmedia":[{"embeddable":true,"href":"https:\/\/gajos.sk\/eshop\/wp-json\/wp\/v2\/media\/325552"}],"wp:attachment":[{"href":"https:\/\/gajos.sk\/eshop\/wp-json\/wp\/v2\/media?parent=325550"}],"wp:term":[{"taxonomy":"product_brand","embeddable":true,"href":"https:\/\/gajos.sk\/eshop\/wp-json\/wp\/v2\/product_brand?post=325550"},{"taxonomy":"product_cat","embeddable":true,"href":"https:\/\/gajos.sk\/eshop\/wp-json\/wp\/v2\/product_cat?post=325550"},{"taxonomy":"product_tag","embeddable":true,"href":"https:\/\/gajos.sk\/eshop\/wp-json\/wp\/v2\/product_tag?post=325550"}],"curies":[{"name":"wp","href":"https:\/\/api.w.org\/{rel}","templated":true}]}}