{"id":325499,"date":"2024-03-01T17:31:29","date_gmt":"2024-03-01T16:31:29","guid":{"rendered":"https:\/\/gajostest.a2hosted.com\/eshop\/firefinch-rukavice-zimne-kombin\/"},"modified":"2026-04-16T22:08:48","modified_gmt":"2026-04-16T20:08:48","slug":"firefinch-rukavice-zimne-kombin","status":"publish","type":"product","link":"https:\/\/gajos.sk\/eshop\/p\/firefinch-rukavice-zimne-kombin\/","title":{"rendered":"FIREFINCH rukavice zimn\u00e9 kombin."},"content":{"rendered":"","protected":false},"excerpt":{"rendered":"<p>Rukavice z r\u00f4znofarebnej l\u00edcovej n\u00e1bytk\u00e1rskej hov\u00e4dziny v dlani s teplou pod\u0161\u00edvkou a bavlnenou tkaninou na chrbte a man\u017eete.<\/p>\n","protected":false},"featured_media":325501,"template":"","meta":{"_acf_changed":false,"inline_featured_image":false},"product_brand":[],"product_cat":[2150,2124],"product_tag":[1179],"class_list":{"0":"post-325499","1":"product","2":"type-product","3":"status-publish","4":"has-post-thumbnail","6":"product_cat-kozene-kombinovane","7":"product_cat-rukavice","8":"product_tag-cerva","9":"pa_velkost-3050","10":"pa_velkost-3051","12":"first","13":"instock","14":"taxable","15":"shipping-taxable","16":"purchasable","17":"product-type-variable"},"acf":[],"_links":{"self":[{"href":"https:\/\/gajos.sk\/eshop\/wp-json\/wp\/v2\/product\/325499","targetHints":{"allow":["GET"]}}],"collection":[{"href":"https:\/\/gajos.sk\/eshop\/wp-json\/wp\/v2\/product"}],"about":[{"href":"https:\/\/gajos.sk\/eshop\/wp-json\/wp\/v2\/types\/product"}],"wp:featuredmedia":[{"embeddable":true,"href":"https:\/\/gajos.sk\/eshop\/wp-json\/wp\/v2\/media\/325501"}],"wp:attachment":[{"href":"https:\/\/gajos.sk\/eshop\/wp-json\/wp\/v2\/media?parent=325499"}],"wp:term":[{"taxonomy":"product_brand","embeddable":true,"href":"https:\/\/gajos.sk\/eshop\/wp-json\/wp\/v2\/product_brand?post=325499"},{"taxonomy":"product_cat","embeddable":true,"href":"https:\/\/gajos.sk\/eshop\/wp-json\/wp\/v2\/product_cat?post=325499"},{"taxonomy":"product_tag","embeddable":true,"href":"https:\/\/gajos.sk\/eshop\/wp-json\/wp\/v2\/product_tag?post=325499"}],"curies":[{"name":"wp","href":"https:\/\/api.w.org\/{rel}","templated":true}]}}