{"id":286023,"date":"2024-01-26T23:47:39","date_gmt":"2024-01-26T22:47:39","guid":{"rendered":"https:\/\/gajostest.a2hosted.com\/?post_type=product&#038;p=286023"},"modified":"2026-04-17T14:30:16","modified_gmt":"2026-04-17T12:30:16","slug":"dennik-vzv","status":"publish","type":"product","link":"https:\/\/gajos.sk\/eshop\/p\/dennik-vzv\/","title":{"rendered":"denn\u00edk VZV"},"content":{"rendered":"","protected":false},"excerpt":{"rendered":"<p>Denn\u00edk prev\u00e1dzky vysokozdvi\u017en\u00e9ho voz\u00edka.<\/p>\n","protected":false},"featured_media":286535,"template":"","meta":{"_acf_changed":false,"inline_featured_image":false},"product_brand":[],"product_cat":[3503],"product_tag":[],"class_list":{"0":"post-286023","1":"product","2":"type-product","3":"status-publish","4":"has-post-thumbnail","6":"product_cat-hasiace-pristroje","8":"first","9":"instock","10":"taxable","11":"shipping-taxable","12":"purchasable","13":"product-type-simple"},"acf":[],"_links":{"self":[{"href":"https:\/\/gajos.sk\/eshop\/wp-json\/wp\/v2\/product\/286023","targetHints":{"allow":["GET"]}}],"collection":[{"href":"https:\/\/gajos.sk\/eshop\/wp-json\/wp\/v2\/product"}],"about":[{"href":"https:\/\/gajos.sk\/eshop\/wp-json\/wp\/v2\/types\/product"}],"wp:featuredmedia":[{"embeddable":true,"href":"https:\/\/gajos.sk\/eshop\/wp-json\/wp\/v2\/media\/286535"}],"wp:attachment":[{"href":"https:\/\/gajos.sk\/eshop\/wp-json\/wp\/v2\/media?parent=286023"}],"wp:term":[{"taxonomy":"product_brand","embeddable":true,"href":"https:\/\/gajos.sk\/eshop\/wp-json\/wp\/v2\/product_brand?post=286023"},{"taxonomy":"product_cat","embeddable":true,"href":"https:\/\/gajos.sk\/eshop\/wp-json\/wp\/v2\/product_cat?post=286023"},{"taxonomy":"product_tag","embeddable":true,"href":"https:\/\/gajos.sk\/eshop\/wp-json\/wp\/v2\/product_tag?post=286023"}],"curies":[{"name":"wp","href":"https:\/\/api.w.org\/{rel}","templated":true}]}}