{"id":210797,"date":"2023-05-31T08:47:40","date_gmt":"2023-05-31T06:47:40","guid":{"rendered":"https:\/\/gajostest.a2hosted.com\/eshop\/kriz-hi-viz\/"},"modified":"2026-02-18T10:46:04","modified_gmt":"2026-02-18T09:46:04","slug":"kriz-hi-viz","status":"publish","type":"product","link":"https:\/\/gajos.sk\/eshop\/p\/kriz-hi-viz\/","title":{"rendered":"Kr\u00ed\u017e hi-viz"},"content":{"rendered":"","protected":false},"excerpt":{"rendered":"<ul>\n<li>elastick\u00fd kr\u00ed\u017e<\/li>\n<li>nastavite\u013en\u00e1 \u0161\u00edrka aj d\u013a\u017eka p\u00e1sikov<\/li>\n<\/ul>\n<ul>\n<li><b>norma:<\/b>\u00a0EN 13356<\/li>\n<li><b>\u0161\u00edrka:<\/b>\u00a04 cm, 1,3 cm reflexn\u00e9 p\u00e1siky<\/li>\n<li><b>farba:<\/b>\u00a0\u017elt\u00e1<\/li>\n<li><b>norma:<\/b>\u00a0EN 13356 okrem pou\u017e\u00edvania v da\u017edi<\/li>\n<li><b>ve\u013ekos\u0165:<\/b>\u00a0UNI<\/li>\n<\/ul>\n","protected":false},"featured_media":210798,"template":"","meta":{"_acf_changed":false,"inline_featured_image":false},"product_brand":[],"product_cat":[2160,2161,2455,2121],"product_tag":[],"class_list":{"0":"post-210797","1":"product","2":"type-product","3":"status-publish","4":"has-post-thumbnail","6":"product_cat-mikiny-svetre-vesty","7":"product_cat-vesty","8":"product_cat-pracovne-odevy","9":"product_cat-odevy","11":"first","12":"instock","13":"taxable","14":"shipping-taxable","15":"purchasable","16":"product-type-simple"},"acf":[],"_links":{"self":[{"href":"https:\/\/gajos.sk\/eshop\/wp-json\/wp\/v2\/product\/210797","targetHints":{"allow":["GET"]}}],"collection":[{"href":"https:\/\/gajos.sk\/eshop\/wp-json\/wp\/v2\/product"}],"about":[{"href":"https:\/\/gajos.sk\/eshop\/wp-json\/wp\/v2\/types\/product"}],"wp:featuredmedia":[{"embeddable":true,"href":"https:\/\/gajos.sk\/eshop\/wp-json\/wp\/v2\/media\/210798"}],"wp:attachment":[{"href":"https:\/\/gajos.sk\/eshop\/wp-json\/wp\/v2\/media?parent=210797"}],"wp:term":[{"taxonomy":"product_brand","embeddable":true,"href":"https:\/\/gajos.sk\/eshop\/wp-json\/wp\/v2\/product_brand?post=210797"},{"taxonomy":"product_cat","embeddable":true,"href":"https:\/\/gajos.sk\/eshop\/wp-json\/wp\/v2\/product_cat?post=210797"},{"taxonomy":"product_tag","embeddable":true,"href":"https:\/\/gajos.sk\/eshop\/wp-json\/wp\/v2\/product_tag?post=210797"}],"curies":[{"name":"wp","href":"https:\/\/api.w.org\/{rel}","templated":true}]}}