{"id":210793,"date":"2023-05-31T08:47:33","date_gmt":"2023-05-31T06:47:33","guid":{"rendered":"https:\/\/gajostest.a2hosted.com\/eshop\/lekarnicka-pre-osobnu-a-nakladnu-dopravu-textilny-obal\/"},"modified":"2026-03-17T10:25:25","modified_gmt":"2026-03-17T09:25:25","slug":"lekarnicka-pre-osobnu-a-nakladnu-dopravu-textilny-obal","status":"publish","type":"product","link":"https:\/\/gajos.sk\/eshop\/p\/lekarnicka-pre-osobnu-a-nakladnu-dopravu-textilny-obal\/","title":{"rendered":"Lek\u00e1rni\u010dka pre osobn\u00fa a n\u00e1kladn\u00fa dopravu &#8211; textiln\u00fd obal"},"content":{"rendered":"","protected":false},"excerpt":{"rendered":"<p><strong>Modul \u010d.1 \u2013 Pom\u00f4cky, dezinfekcia a ochrana z\u00e1chrancu<\/strong><br \/>\nR\u00fa\u0161ko resuscita\u010dn\u00e9 s ventilom &#8211; 1 ks<br \/>\nIzotermick\u00e1 f\u00f3lia 220 x 140 cm alebo 200 x 150 cm &#8211; 1 ks<br \/>\nRukavice vy\u0161etrovacie ( p\u00e1r ) &#8211; 2 ks<br \/>\nUtierky s \u010distiacim a antimikrobi\u00e1lnym \u00fa\u010dinkom &#8211; 4 ks<br \/>\nNo\u017enice celokovov\u00e9, zaoblen\u00e9 hroty \u2013 min. d\u013a\u017eka 15 cm &#8211; 1 ks<br \/>\nZatv\u00e1racie \u0161pendl\u00edky ( min. dl. 4 cm ) &#8211; 6 ks<\/p>\n<p><strong>Modul \u010d.2 \u2013 Mal\u00e9 rany, odreniny<\/strong><br \/>\nN\u00e1plas\u0165 s vank\u00fa\u0161ikom 4 cm x 8 cm &#8211; 10 ks<br \/>\nTamp\u00f3ny alebo utierky s \u010distiacim a antimikrobi\u00e1lnym \u00fa\u010dinkom &#8211; 8 ks<br \/>\nG\u00e1zov\u00fd kryc\u00ed obv\u00e4z steriln\u00fd \u2013 kompres min. 7,5 x 7,5 cm\/5 ks &#8211; 2 ks<br \/>\nN\u00e1plas\u0165 hladk\u00e1 textiln\u00e1 2,5 cm x 5 m &#8211; 1 ks<\/p>\n<p><strong>Modul \u010d.3 \u2013 Ve\u013ek\u00e9 rany, krv\u00e1canie, pop\u00e1leniny<\/strong><br \/>\nObv\u00e4z hotov\u00fd steriln\u00fd s kompresom, min. \u0161\u00edrka obv\u00e4zu 10 cm &#8211; 2 ks<br \/>\nG\u00e1zov\u00fd kryc\u00ed obv\u00e4z steriln\u00fd \u2013 kompres min. 10 x 10 cm \/ 5 ks &#8211; 2 ks<br \/>\nObv\u00e4z hydrofiln\u00fd steriln\u00fd 10 cm x 5 m &#8211; 1 ks<br \/>\nObv\u00e4z hydrofiln\u00fd steriln\u00fd 6 cm x 5 m &#8211; 1 ks<\/p>\n<p><strong>Modul \u010d.4 \u2013 Zlomeniny, poranenia k\u013abov<\/strong><br \/>\nElastick\u00fd obv\u00e4z 10 cm x 4 m &#8211; 2 ks<br \/>\nElastick\u00fd obv\u00e4z 6 cm x 4 m &#8211; 2 ks<br \/>\n\u0160atka trojroh\u00e1 z netkan\u00e9ho textilu 96 x 96 x 136 cm &#8211; 2 ks<\/p>\n","protected":false},"featured_media":210794,"template":"","meta":{"_acf_changed":false,"inline_featured_image":false},"product_brand":[],"product_cat":[2601],"product_tag":[],"class_list":{"0":"post-210793","1":"product","2":"type-product","3":"status-publish","4":"has-post-thumbnail","6":"product_cat-prva-pomoc","8":"first","9":"instock","10":"taxable","11":"shipping-taxable","12":"purchasable","13":"product-type-simple"},"acf":[],"_links":{"self":[{"href":"https:\/\/gajos.sk\/eshop\/wp-json\/wp\/v2\/product\/210793","targetHints":{"allow":["GET"]}}],"collection":[{"href":"https:\/\/gajos.sk\/eshop\/wp-json\/wp\/v2\/product"}],"about":[{"href":"https:\/\/gajos.sk\/eshop\/wp-json\/wp\/v2\/types\/product"}],"wp:featuredmedia":[{"embeddable":true,"href":"https:\/\/gajos.sk\/eshop\/wp-json\/wp\/v2\/media\/210794"}],"wp:attachment":[{"href":"https:\/\/gajos.sk\/eshop\/wp-json\/wp\/v2\/media?parent=210793"}],"wp:term":[{"taxonomy":"product_brand","embeddable":true,"href":"https:\/\/gajos.sk\/eshop\/wp-json\/wp\/v2\/product_brand?post=210793"},{"taxonomy":"product_cat","embeddable":true,"href":"https:\/\/gajos.sk\/eshop\/wp-json\/wp\/v2\/product_cat?post=210793"},{"taxonomy":"product_tag","embeddable":true,"href":"https:\/\/gajos.sk\/eshop\/wp-json\/wp\/v2\/product_tag?post=210793"}],"curies":[{"name":"wp","href":"https:\/\/api.w.org\/{rel}","templated":true}]}}