{"id":210776,"date":"2023-05-31T08:47:13","date_gmt":"2023-05-31T06:47:13","guid":{"rendered":"https:\/\/gajostest.a2hosted.com\/eshop\/aoxing-ffp2-ax-kf95-respirator-ffp2-so-stvormiestnym-ce-certifikatom-ce0370-50ks-balenie\/"},"modified":"2026-02-18T10:55:17","modified_gmt":"2026-02-18T09:55:17","slug":"aoxing-ffp2-ax-kf95-respirator-ffp2-so-stvormiestnym-ce-certifikatom-ce0370-50ks-balenie","status":"publish","type":"product","link":"https:\/\/gajos.sk\/eshop\/p\/aoxing-ffp2-ax-kf95-respirator-ffp2-so-stvormiestnym-ce-certifikatom-ce0370-50ks-balenie\/","title":{"rendered":"AOXING FFP2 AX- KF95 &#8211; Respir\u00e1tor FFP2 so \u0161tvormiestnym CE certifik\u00e1tom (CE0370) &#8211; 50ks balenie"},"content":{"rendered":"","protected":false},"excerpt":{"rendered":"<p>Respir\u00e1tor FFP2 AOXING z polyuret\u00e1novej netkanej text\u00edlie. Pohodln\u00e9 na nosenie v\u010faka \u013eahk\u00e9mu materi\u00e1lu, polstrovanie v oblasti nosa a mierny dychov\u00fd odpor. Respir\u00e1tor je na jedno pou\u017eitie.<\/p>\n<p>Cena je uveden\u00e1 za cel\u00e9 balenie = 50ks respir\u00e1torov<\/p>\n<p>Upozornenie:<\/p>\n<p>Respir\u00e1tor zni\u017euje riziko v\u00edrusovej n\u00e1kazy, nezaist\u00ed 100% bezpe\u010die<\/p>\n<p>Nie je ur\u010den\u00fd k opakovan\u00e9mu pou\u017eitiu. Ak je respir\u00e1tor po\u0161koden\u00fd, \u0161pinav\u00fd alebo vlhk\u00fd, vyme\u0148te ho za nov\u00fd.<\/p>\n<p>Pred nasaden\u00edm respir\u00e1tora a po zlo\u017een\u00ed si d\u00f4kladne umyte ruky.<\/p>\n<p><a href=\"https:\/\/www.gajos.sk\/eshop\/wp-content\/uploads\/2021\/03\/Certifikat-respirator-APPLUS-CZ.pdf\">Certifik\u00e1t &#8211; respir\u00e1tor APPLUS (CZ)<\/a><\/p>\n<p><a href=\"https:\/\/www.gajos.sk\/eshop\/wp-content\/uploads\/2021\/03\/Certifikat-respirator-APPLUS.pdf\">Certifik\u00e1t respir\u00e1tor (APPLUS)<\/a><\/p>\n<p><a href=\"https:\/\/www.gajos.sk\/eshop\/wp-content\/uploads\/2021\/03\/Certifikat-respirator-DEKRA.pdf\">Certifik\u00e1t respir\u00e1tor (DEKRA)<\/a><\/p>\n<p><a href=\"https:\/\/www.gajos.sk\/eshop\/wp-content\/uploads\/2021\/03\/202011231044525iexaA4.pdf\">Vyhl\u00e1senie o zhode<\/a><\/p>\n<p><a href=\"https:\/\/apps.applus.com\/microsites\/fecip\/list?name=&amp;number=0370-4078-PPE%2FB\">Link na overenie CE certifik\u00e1cie: https:\/\/apps.applus.com\/microsites\/fecip\/list?name=&amp;number=0370-4078-PPE%2FB<\/a><\/p>\n","protected":false},"featured_media":210774,"template":"","meta":{"_acf_changed":false,"inline_featured_image":false},"product_brand":[],"product_cat":[2148],"product_tag":[],"class_list":{"0":"post-210776","1":"product","2":"type-product","3":"status-publish","4":"has-post-thumbnail","6":"product_cat-ffp2","8":"first","9":"instock","10":"taxable","11":"shipping-taxable","12":"purchasable","13":"product-type-simple"},"acf":[],"_links":{"self":[{"href":"https:\/\/gajos.sk\/eshop\/wp-json\/wp\/v2\/product\/210776","targetHints":{"allow":["GET"]}}],"collection":[{"href":"https:\/\/gajos.sk\/eshop\/wp-json\/wp\/v2\/product"}],"about":[{"href":"https:\/\/gajos.sk\/eshop\/wp-json\/wp\/v2\/types\/product"}],"wp:featuredmedia":[{"embeddable":true,"href":"https:\/\/gajos.sk\/eshop\/wp-json\/wp\/v2\/media\/210774"}],"wp:attachment":[{"href":"https:\/\/gajos.sk\/eshop\/wp-json\/wp\/v2\/media?parent=210776"}],"wp:term":[{"taxonomy":"product_brand","embeddable":true,"href":"https:\/\/gajos.sk\/eshop\/wp-json\/wp\/v2\/product_brand?post=210776"},{"taxonomy":"product_cat","embeddable":true,"href":"https:\/\/gajos.sk\/eshop\/wp-json\/wp\/v2\/product_cat?post=210776"},{"taxonomy":"product_tag","embeddable":true,"href":"https:\/\/gajos.sk\/eshop\/wp-json\/wp\/v2\/product_tag?post=210776"}],"curies":[{"name":"wp","href":"https:\/\/api.w.org\/{rel}","templated":true}]}}