{"id":210763,"date":"2023-05-31T08:47:03","date_gmt":"2023-05-31T06:47:03","guid":{"rendered":"https:\/\/gajostest.a2hosted.com\/eshop\/pozor-nebezpecenstvo-posmyknutia-piktogram-samolepka-na-sklo\/"},"modified":"2026-02-02T13:52:54","modified_gmt":"2026-02-02T12:52:54","slug":"pozor-nebezpecenstvo-posmyknutia-piktogram-samolepka-na-sklo","status":"publish","type":"product","link":"https:\/\/gajos.sk\/eshop\/p\/pozor-nebezpecenstvo-posmyknutia-piktogram-samolepka-na-sklo\/","title":{"rendered":"Pozor, nebezpe\u010denstvo po\u0161myknutia \u2013 piktogram samolepka na sklo"},"content":{"rendered":"","protected":false},"excerpt":{"rendered":"<p>Samolepka ur\u010den\u00e1 na sklo ozna\u010duj\u00faca pozor, nebezpe\u010denstvo po\u0161myknutia.<\/p>\n<p>Rozmer: 131 x 185 mm<\/p>\n","protected":false},"featured_media":210761,"template":"","meta":{"_acf_changed":false,"inline_featured_image":false},"product_brand":[],"product_cat":[3496],"product_tag":[],"class_list":{"0":"post-210763","1":"product","2":"type-product","3":"status-publish","4":"has-post-thumbnail","6":"product_cat-vystrazne-znacky","8":"first","9":"instock","10":"taxable","11":"shipping-taxable","12":"purchasable","13":"product-type-simple"},"acf":[],"_links":{"self":[{"href":"https:\/\/gajos.sk\/eshop\/wp-json\/wp\/v2\/product\/210763","targetHints":{"allow":["GET"]}}],"collection":[{"href":"https:\/\/gajos.sk\/eshop\/wp-json\/wp\/v2\/product"}],"about":[{"href":"https:\/\/gajos.sk\/eshop\/wp-json\/wp\/v2\/types\/product"}],"wp:featuredmedia":[{"embeddable":true,"href":"https:\/\/gajos.sk\/eshop\/wp-json\/wp\/v2\/media\/210761"}],"wp:attachment":[{"href":"https:\/\/gajos.sk\/eshop\/wp-json\/wp\/v2\/media?parent=210763"}],"wp:term":[{"taxonomy":"product_brand","embeddable":true,"href":"https:\/\/gajos.sk\/eshop\/wp-json\/wp\/v2\/product_brand?post=210763"},{"taxonomy":"product_cat","embeddable":true,"href":"https:\/\/gajos.sk\/eshop\/wp-json\/wp\/v2\/product_cat?post=210763"},{"taxonomy":"product_tag","embeddable":true,"href":"https:\/\/gajos.sk\/eshop\/wp-json\/wp\/v2\/product_tag?post=210763"}],"curies":[{"name":"wp","href":"https:\/\/api.w.org\/{rel}","templated":true}]}}