{"id":210732,"date":"2023-05-31T08:45:55","date_gmt":"2023-05-31T06:45:55","guid":{"rendered":"https:\/\/gajostest.a2hosted.com\/eshop\/zakaz-fajcit-v-celom-objekte-piktogram-samolepka-na-sklo\/"},"modified":"2026-02-02T13:52:40","modified_gmt":"2026-02-02T12:52:40","slug":"zakaz-fajcit-v-celom-objekte-piktogram-samolepka-na-sklo","status":"publish","type":"product","link":"https:\/\/gajos.sk\/eshop\/p\/zakaz-fajcit-v-celom-objekte-piktogram-samolepka-na-sklo\/","title":{"rendered":"Z\u00e1kaz faj\u010di\u0165 v celom objekte &#8211; piktogram samolepka na sklo"},"content":{"rendered":"","protected":false},"excerpt":{"rendered":"<p>Samolepka ur\u010den\u00e1 na sklo ozna\u010duj\u00faca z\u00e1kaz faj\u010di\u0165 v celom objekte.<\/p>\n<p>Rozmer: 131 x 185 mm<\/p>\n","protected":false},"featured_media":210730,"template":"","meta":{"_acf_changed":false,"inline_featured_image":false},"product_brand":[],"product_cat":[3499],"product_tag":[],"class_list":{"0":"post-210732","1":"product","2":"type-product","3":"status-publish","4":"has-post-thumbnail","6":"product_cat-zakazove-znacky-bezpecnostne-znacenie","8":"first","9":"instock","10":"taxable","11":"shipping-taxable","12":"purchasable","13":"product-type-simple"},"acf":[],"_links":{"self":[{"href":"https:\/\/gajos.sk\/eshop\/wp-json\/wp\/v2\/product\/210732","targetHints":{"allow":["GET"]}}],"collection":[{"href":"https:\/\/gajos.sk\/eshop\/wp-json\/wp\/v2\/product"}],"about":[{"href":"https:\/\/gajos.sk\/eshop\/wp-json\/wp\/v2\/types\/product"}],"wp:featuredmedia":[{"embeddable":true,"href":"https:\/\/gajos.sk\/eshop\/wp-json\/wp\/v2\/media\/210730"}],"wp:attachment":[{"href":"https:\/\/gajos.sk\/eshop\/wp-json\/wp\/v2\/media?parent=210732"}],"wp:term":[{"taxonomy":"product_brand","embeddable":true,"href":"https:\/\/gajos.sk\/eshop\/wp-json\/wp\/v2\/product_brand?post=210732"},{"taxonomy":"product_cat","embeddable":true,"href":"https:\/\/gajos.sk\/eshop\/wp-json\/wp\/v2\/product_cat?post=210732"},{"taxonomy":"product_tag","embeddable":true,"href":"https:\/\/gajos.sk\/eshop\/wp-json\/wp\/v2\/product_tag?post=210732"}],"curies":[{"name":"wp","href":"https:\/\/api.w.org\/{rel}","templated":true}]}}