{"id":210713,"date":"2023-05-31T08:45:31","date_gmt":"2023-05-31T06:45:31","guid":{"rendered":"https:\/\/gajostest.a2hosted.com\/eshop\/zakaz-vstupu-tu-nezamestnanym-osobam-piktogram-plast\/"},"modified":"2026-02-02T13:52:33","modified_gmt":"2026-02-02T12:52:33","slug":"zakaz-vstupu-tu-nezamestnanym-osobam-piktogram-plast","status":"publish","type":"product","link":"https:\/\/gajos.sk\/eshop\/p\/zakaz-vstupu-tu-nezamestnanym-osobam-piktogram-plast\/","title":{"rendered":"Z\u00e1kaz vstupu tu nezamestnan\u00fdm osob\u00e1m &#8211; piktogram plast"},"content":{"rendered":"","protected":false},"excerpt":{"rendered":"<p>Plastov\u00e1 tabu\u013eka ozna\u010duj\u00faca z\u00e1kaz vstupu nezamestnan\u00fdm osob\u00e1m.<\/p>\n<p>Rozmer: 131 x 185 mm<\/p>\n","protected":false},"featured_media":210714,"template":"","meta":{"_acf_changed":false,"inline_featured_image":false},"product_brand":[],"product_cat":[3499],"product_tag":[],"class_list":{"0":"post-210713","1":"product","2":"type-product","3":"status-publish","4":"has-post-thumbnail","6":"product_cat-zakazove-znacky-bezpecnostne-znacenie","8":"first","9":"instock","10":"taxable","11":"shipping-taxable","12":"purchasable","13":"product-type-simple"},"acf":[],"_links":{"self":[{"href":"https:\/\/gajos.sk\/eshop\/wp-json\/wp\/v2\/product\/210713","targetHints":{"allow":["GET"]}}],"collection":[{"href":"https:\/\/gajos.sk\/eshop\/wp-json\/wp\/v2\/product"}],"about":[{"href":"https:\/\/gajos.sk\/eshop\/wp-json\/wp\/v2\/types\/product"}],"wp:featuredmedia":[{"embeddable":true,"href":"https:\/\/gajos.sk\/eshop\/wp-json\/wp\/v2\/media\/210714"}],"wp:attachment":[{"href":"https:\/\/gajos.sk\/eshop\/wp-json\/wp\/v2\/media?parent=210713"}],"wp:term":[{"taxonomy":"product_brand","embeddable":true,"href":"https:\/\/gajos.sk\/eshop\/wp-json\/wp\/v2\/product_brand?post=210713"},{"taxonomy":"product_cat","embeddable":true,"href":"https:\/\/gajos.sk\/eshop\/wp-json\/wp\/v2\/product_cat?post=210713"},{"taxonomy":"product_tag","embeddable":true,"href":"https:\/\/gajos.sk\/eshop\/wp-json\/wp\/v2\/product_tag?post=210713"}],"curies":[{"name":"wp","href":"https:\/\/api.w.org\/{rel}","templated":true}]}}