{"id":210698,"date":"2023-05-31T08:45:23","date_gmt":"2023-05-31T06:45:23","guid":{"rendered":"https:\/\/gajostest.a2hosted.com\/eshop\/unikovy-vychod-smer-vpravo-dolu-piktogram-samolepka\/"},"modified":"2026-02-02T13:52:24","modified_gmt":"2026-02-02T12:52:24","slug":"unikovy-vychod-smer-vpravo-dolu-piktogram-samolepka","status":"publish","type":"product","link":"https:\/\/gajos.sk\/eshop\/p\/unikovy-vychod-smer-vpravo-dolu-piktogram-samolepka\/","title":{"rendered":"\u00danikov\u00fd v\u00fdchod smer vpravo dolu &#8211; piktogram samolepka"},"content":{"rendered":"","protected":false},"excerpt":{"rendered":"<p>Samolepka ozna\u010duj\u00faca smer \u00fanikov\u00e9ho v\u00fdchodu.<\/p>\n<p>Rozmer: 100 x 200 mm<\/p>\n","protected":false},"featured_media":210699,"template":"","meta":{"_acf_changed":false,"inline_featured_image":false},"product_brand":[],"product_cat":[3500],"product_tag":[],"class_list":{"0":"post-210698","1":"product","2":"type-product","3":"status-publish","4":"has-post-thumbnail","6":"product_cat-unikove-cesty","8":"first","9":"instock","10":"taxable","11":"shipping-taxable","12":"purchasable","13":"product-type-simple"},"acf":[],"_links":{"self":[{"href":"https:\/\/gajos.sk\/eshop\/wp-json\/wp\/v2\/product\/210698","targetHints":{"allow":["GET"]}}],"collection":[{"href":"https:\/\/gajos.sk\/eshop\/wp-json\/wp\/v2\/product"}],"about":[{"href":"https:\/\/gajos.sk\/eshop\/wp-json\/wp\/v2\/types\/product"}],"wp:featuredmedia":[{"embeddable":true,"href":"https:\/\/gajos.sk\/eshop\/wp-json\/wp\/v2\/media\/210699"}],"wp:attachment":[{"href":"https:\/\/gajos.sk\/eshop\/wp-json\/wp\/v2\/media?parent=210698"}],"wp:term":[{"taxonomy":"product_brand","embeddable":true,"href":"https:\/\/gajos.sk\/eshop\/wp-json\/wp\/v2\/product_brand?post=210698"},{"taxonomy":"product_cat","embeddable":true,"href":"https:\/\/gajos.sk\/eshop\/wp-json\/wp\/v2\/product_cat?post=210698"},{"taxonomy":"product_tag","embeddable":true,"href":"https:\/\/gajos.sk\/eshop\/wp-json\/wp\/v2\/product_tag?post=210698"}],"curies":[{"name":"wp","href":"https:\/\/api.w.org\/{rel}","templated":true}]}}