{"id":210689,"date":"2023-05-31T08:45:11","date_gmt":"2023-05-31T06:45:11","guid":{"rendered":"https:\/\/gajostest.a2hosted.com\/eshop\/unikovy-vychod-smer-vpravo-piktogram-plast\/"},"modified":"2026-04-20T08:37:43","modified_gmt":"2026-04-20T06:37:43","slug":"unikovy-vychod-smer-vpravo-piktogram-plast","status":"publish","type":"product","link":"https:\/\/gajos.sk\/eshop\/p\/unikovy-vychod-smer-vpravo-piktogram-plast\/","title":{"rendered":"\u00danikov\u00fd v\u00fdchod smer vpravo &#8211; piktogram plast"},"content":{"rendered":"","protected":false},"excerpt":{"rendered":"<p>Plastov\u00e1 tabu\u013eka ozna\u010duj\u00faca smer \u00fanikov\u00e9ho v\u00fdchodu.<\/p>\n<p>Rozmer: 100 x 200 mm<\/p>\n","protected":false},"featured_media":210690,"template":"","meta":{"_acf_changed":false,"inline_featured_image":false},"product_brand":[],"product_cat":[3500],"product_tag":[],"class_list":{"0":"post-210689","1":"product","2":"type-product","3":"status-publish","4":"has-post-thumbnail","6":"product_cat-unikove-cesty","8":"first","9":"instock","10":"taxable","11":"shipping-taxable","12":"purchasable","13":"product-type-simple"},"acf":[],"_links":{"self":[{"href":"https:\/\/gajos.sk\/eshop\/wp-json\/wp\/v2\/product\/210689","targetHints":{"allow":["GET"]}}],"collection":[{"href":"https:\/\/gajos.sk\/eshop\/wp-json\/wp\/v2\/product"}],"about":[{"href":"https:\/\/gajos.sk\/eshop\/wp-json\/wp\/v2\/types\/product"}],"wp:featuredmedia":[{"embeddable":true,"href":"https:\/\/gajos.sk\/eshop\/wp-json\/wp\/v2\/media\/210690"}],"wp:attachment":[{"href":"https:\/\/gajos.sk\/eshop\/wp-json\/wp\/v2\/media?parent=210689"}],"wp:term":[{"taxonomy":"product_brand","embeddable":true,"href":"https:\/\/gajos.sk\/eshop\/wp-json\/wp\/v2\/product_brand?post=210689"},{"taxonomy":"product_cat","embeddable":true,"href":"https:\/\/gajos.sk\/eshop\/wp-json\/wp\/v2\/product_cat?post=210689"},{"taxonomy":"product_tag","embeddable":true,"href":"https:\/\/gajos.sk\/eshop\/wp-json\/wp\/v2\/product_tag?post=210689"}],"curies":[{"name":"wp","href":"https:\/\/api.w.org\/{rel}","templated":true}]}}