{"id":210681,"date":"2023-05-31T08:45:03","date_gmt":"2023-05-31T06:45:03","guid":{"rendered":"https:\/\/gajostest.a2hosted.com\/eshop\/unikovy-vychod-text-piktogram-samolepka-b\/"},"modified":"2026-04-20T08:37:41","modified_gmt":"2026-04-20T06:37:41","slug":"unikovy-vychod-text-piktogram-samolepka-b","status":"publish","type":"product","link":"https:\/\/gajos.sk\/eshop\/p\/unikovy-vychod-text-piktogram-samolepka-b\/","title":{"rendered":"\u00danikov\u00fd v\u00fdchod text &#8211; piktogram samolepka B"},"content":{"rendered":"","protected":false},"excerpt":{"rendered":"<p>Samolepka ozna\u010duj\u00faca \u00fanikov\u00fd v\u00fdchod.<\/p>\n<p>Rozmer: 80 x 200 mm<\/p>\n","protected":false},"featured_media":210677,"template":"","meta":{"_acf_changed":false,"inline_featured_image":false},"product_brand":[],"product_cat":[3500],"product_tag":[],"class_list":{"0":"post-210681","1":"product","2":"type-product","3":"status-publish","4":"has-post-thumbnail","6":"product_cat-unikove-cesty","8":"first","9":"instock","10":"taxable","11":"shipping-taxable","12":"purchasable","13":"product-type-simple"},"acf":[],"_links":{"self":[{"href":"https:\/\/gajos.sk\/eshop\/wp-json\/wp\/v2\/product\/210681","targetHints":{"allow":["GET"]}}],"collection":[{"href":"https:\/\/gajos.sk\/eshop\/wp-json\/wp\/v2\/product"}],"about":[{"href":"https:\/\/gajos.sk\/eshop\/wp-json\/wp\/v2\/types\/product"}],"wp:featuredmedia":[{"embeddable":true,"href":"https:\/\/gajos.sk\/eshop\/wp-json\/wp\/v2\/media\/210677"}],"wp:attachment":[{"href":"https:\/\/gajos.sk\/eshop\/wp-json\/wp\/v2\/media?parent=210681"}],"wp:term":[{"taxonomy":"product_brand","embeddable":true,"href":"https:\/\/gajos.sk\/eshop\/wp-json\/wp\/v2\/product_brand?post=210681"},{"taxonomy":"product_cat","embeddable":true,"href":"https:\/\/gajos.sk\/eshop\/wp-json\/wp\/v2\/product_cat?post=210681"},{"taxonomy":"product_tag","embeddable":true,"href":"https:\/\/gajos.sk\/eshop\/wp-json\/wp\/v2\/product_tag?post=210681"}],"curies":[{"name":"wp","href":"https:\/\/api.w.org\/{rel}","templated":true}]}}