{"id":210669,"date":"2023-05-31T08:44:50","date_gmt":"2023-05-31T06:44:50","guid":{"rendered":"https:\/\/gajostest.a2hosted.com\/eshop\/zhromazdovacie-miesto-piktogram-samolepka\/"},"modified":"2026-02-02T13:52:29","modified_gmt":"2026-02-02T12:52:29","slug":"zhromazdovacie-miesto-piktogram-samolepka","status":"publish","type":"product","link":"https:\/\/gajos.sk\/eshop\/p\/zhromazdovacie-miesto-piktogram-samolepka\/","title":{"rendered":"Zhroma\u017e\u010fovacie miesto &#8211; piktogram samolepka"},"content":{"rendered":"","protected":false},"excerpt":{"rendered":"<p>Samolepka ozna\u010duj\u00faca zhroma\u017e\u010fovacie miesto.<\/p>\n<p>Rozmer: 150 x 150 mm<\/p>\n","protected":false},"featured_media":210670,"template":"","meta":{"_acf_changed":false,"inline_featured_image":false},"product_brand":[],"product_cat":[3500],"product_tag":[],"class_list":{"0":"post-210669","1":"product","2":"type-product","3":"status-publish","4":"has-post-thumbnail","6":"product_cat-unikove-cesty","8":"first","9":"instock","10":"taxable","11":"shipping-taxable","12":"purchasable","13":"product-type-simple"},"acf":[],"_links":{"self":[{"href":"https:\/\/gajos.sk\/eshop\/wp-json\/wp\/v2\/product\/210669","targetHints":{"allow":["GET"]}}],"collection":[{"href":"https:\/\/gajos.sk\/eshop\/wp-json\/wp\/v2\/product"}],"about":[{"href":"https:\/\/gajos.sk\/eshop\/wp-json\/wp\/v2\/types\/product"}],"wp:featuredmedia":[{"embeddable":true,"href":"https:\/\/gajos.sk\/eshop\/wp-json\/wp\/v2\/media\/210670"}],"wp:attachment":[{"href":"https:\/\/gajos.sk\/eshop\/wp-json\/wp\/v2\/media?parent=210669"}],"wp:term":[{"taxonomy":"product_brand","embeddable":true,"href":"https:\/\/gajos.sk\/eshop\/wp-json\/wp\/v2\/product_brand?post=210669"},{"taxonomy":"product_cat","embeddable":true,"href":"https:\/\/gajos.sk\/eshop\/wp-json\/wp\/v2\/product_cat?post=210669"},{"taxonomy":"product_tag","embeddable":true,"href":"https:\/\/gajos.sk\/eshop\/wp-json\/wp\/v2\/product_tag?post=210669"}],"curies":[{"name":"wp","href":"https:\/\/api.w.org\/{rel}","templated":true}]}}