{"id":210655,"date":"2023-05-31T08:44:39","date_gmt":"2023-05-31T06:44:39","guid":{"rendered":"https:\/\/gajostest.a2hosted.com\/eshop\/poziarna-klapka-piktogram-samolepka\/"},"modified":"2026-02-02T13:52:17","modified_gmt":"2026-02-02T12:52:17","slug":"poziarna-klapka-piktogram-samolepka","status":"publish","type":"product","link":"https:\/\/gajos.sk\/eshop\/p\/poziarna-klapka-piktogram-samolepka\/","title":{"rendered":"Po\u017eiarna klapka &#8211; piktogram samolepka"},"content":{"rendered":"","protected":false},"excerpt":{"rendered":"<p>Samolepka ozna\u010duj\u00faca po\u017eiarnu klapku.<\/p>\n<p>Rozmer: 55 x 200 mm<\/p>\n","protected":false},"featured_media":210656,"template":"","meta":{"_acf_changed":false,"inline_featured_image":false},"product_brand":[],"product_cat":[3501],"product_tag":[],"class_list":{"0":"post-210655","1":"product","2":"type-product","3":"status-publish","4":"has-post-thumbnail","6":"product_cat-poziarne-znacky","8":"first","9":"instock","10":"taxable","11":"shipping-taxable","12":"purchasable","13":"product-type-simple"},"acf":[],"_links":{"self":[{"href":"https:\/\/gajos.sk\/eshop\/wp-json\/wp\/v2\/product\/210655","targetHints":{"allow":["GET"]}}],"collection":[{"href":"https:\/\/gajos.sk\/eshop\/wp-json\/wp\/v2\/product"}],"about":[{"href":"https:\/\/gajos.sk\/eshop\/wp-json\/wp\/v2\/types\/product"}],"wp:featuredmedia":[{"embeddable":true,"href":"https:\/\/gajos.sk\/eshop\/wp-json\/wp\/v2\/media\/210656"}],"wp:attachment":[{"href":"https:\/\/gajos.sk\/eshop\/wp-json\/wp\/v2\/media?parent=210655"}],"wp:term":[{"taxonomy":"product_brand","embeddable":true,"href":"https:\/\/gajos.sk\/eshop\/wp-json\/wp\/v2\/product_brand?post=210655"},{"taxonomy":"product_cat","embeddable":true,"href":"https:\/\/gajos.sk\/eshop\/wp-json\/wp\/v2\/product_cat?post=210655"},{"taxonomy":"product_tag","embeddable":true,"href":"https:\/\/gajos.sk\/eshop\/wp-json\/wp\/v2\/product_tag?post=210655"}],"curies":[{"name":"wp","href":"https:\/\/api.w.org\/{rel}","templated":true}]}}