{"id":210649,"date":"2023-05-31T08:44:28","date_gmt":"2023-05-31T06:44:28","guid":{"rendered":"https:\/\/gajostest.a2hosted.com\/eshop\/tlacidlovy-hlasic-poziaru-piktogram-samolepka\/"},"modified":"2025-11-05T08:57:34","modified_gmt":"2025-11-05T07:57:34","slug":"tlacidlovy-hlasic-poziaru-piktogram-samolepka","status":"publish","type":"product","link":"https:\/\/gajos.sk\/eshop\/p\/tlacidlovy-hlasic-poziaru-piktogram-samolepka\/","title":{"rendered":"Tla\u010didlov\u00fd hl\u00e1si\u010d po\u017eiaru &#8211; piktogram samolepka"},"content":{"rendered":"","protected":false},"excerpt":{"rendered":"<p>Samolepka ozna\u010denia miesta hl\u00e1si\u010da po\u017eiaru.<\/p>\n<p>Rozmer: 150 x 150 mm<\/p>\n","protected":false},"featured_media":210650,"template":"","meta":{"_acf_changed":false,"inline_featured_image":false},"product_brand":[],"product_cat":[3501],"product_tag":[],"class_list":{"0":"post-210649","1":"product","2":"type-product","3":"status-publish","4":"has-post-thumbnail","6":"product_cat-poziarne-znacky","8":"first","9":"instock","10":"taxable","11":"shipping-taxable","12":"purchasable","13":"product-type-simple"},"acf":[],"_links":{"self":[{"href":"https:\/\/gajos.sk\/eshop\/wp-json\/wp\/v2\/product\/210649","targetHints":{"allow":["GET"]}}],"collection":[{"href":"https:\/\/gajos.sk\/eshop\/wp-json\/wp\/v2\/product"}],"about":[{"href":"https:\/\/gajos.sk\/eshop\/wp-json\/wp\/v2\/types\/product"}],"wp:featuredmedia":[{"embeddable":true,"href":"https:\/\/gajos.sk\/eshop\/wp-json\/wp\/v2\/media\/210650"}],"wp:attachment":[{"href":"https:\/\/gajos.sk\/eshop\/wp-json\/wp\/v2\/media?parent=210649"}],"wp:term":[{"taxonomy":"product_brand","embeddable":true,"href":"https:\/\/gajos.sk\/eshop\/wp-json\/wp\/v2\/product_brand?post=210649"},{"taxonomy":"product_cat","embeddable":true,"href":"https:\/\/gajos.sk\/eshop\/wp-json\/wp\/v2\/product_cat?post=210649"},{"taxonomy":"product_tag","embeddable":true,"href":"https:\/\/gajos.sk\/eshop\/wp-json\/wp\/v2\/product_tag?post=210649"}],"curies":[{"name":"wp","href":"https:\/\/api.w.org\/{rel}","templated":true}]}}