{"id":210645,"date":"2023-05-31T08:44:28","date_gmt":"2023-05-31T06:44:28","guid":{"rendered":"https:\/\/gajostest.a2hosted.com\/eshop\/poziarna-hadica-piktogram-samolepka\/"},"modified":"2026-04-20T08:37:31","modified_gmt":"2026-04-20T06:37:31","slug":"poziarna-hadica-piktogram-samolepka","status":"publish","type":"product","link":"https:\/\/gajos.sk\/eshop\/p\/poziarna-hadica-piktogram-samolepka\/","title":{"rendered":"Po\u017eiarna hadica &#8211; piktogram samolepka"},"content":{"rendered":"","protected":false},"excerpt":{"rendered":"<p>Samolepka po\u017eiarna hadica, ozna\u010denie ulo\u017eenia po\u017eiarnej hadice.<\/p>\n<p>Rozmer: 150 x 150 mm<\/p>\n","protected":false},"featured_media":210646,"template":"","meta":{"_acf_changed":false,"inline_featured_image":false},"product_brand":[],"product_cat":[3501],"product_tag":[],"class_list":{"0":"post-210645","1":"product","2":"type-product","3":"status-publish","4":"has-post-thumbnail","6":"product_cat-poziarne-znacky","8":"first","9":"instock","10":"taxable","11":"shipping-taxable","12":"purchasable","13":"product-type-simple"},"acf":[],"_links":{"self":[{"href":"https:\/\/gajos.sk\/eshop\/wp-json\/wp\/v2\/product\/210645","targetHints":{"allow":["GET"]}}],"collection":[{"href":"https:\/\/gajos.sk\/eshop\/wp-json\/wp\/v2\/product"}],"about":[{"href":"https:\/\/gajos.sk\/eshop\/wp-json\/wp\/v2\/types\/product"}],"wp:featuredmedia":[{"embeddable":true,"href":"https:\/\/gajos.sk\/eshop\/wp-json\/wp\/v2\/media\/210646"}],"wp:attachment":[{"href":"https:\/\/gajos.sk\/eshop\/wp-json\/wp\/v2\/media?parent=210645"}],"wp:term":[{"taxonomy":"product_brand","embeddable":true,"href":"https:\/\/gajos.sk\/eshop\/wp-json\/wp\/v2\/product_brand?post=210645"},{"taxonomy":"product_cat","embeddable":true,"href":"https:\/\/gajos.sk\/eshop\/wp-json\/wp\/v2\/product_cat?post=210645"},{"taxonomy":"product_tag","embeddable":true,"href":"https:\/\/gajos.sk\/eshop\/wp-json\/wp\/v2\/product_tag?post=210645"}],"curies":[{"name":"wp","href":"https:\/\/api.w.org\/{rel}","templated":true}]}}