{"id":210644,"date":"2023-05-31T08:44:28","date_gmt":"2023-05-31T06:44:28","guid":{"rendered":"https:\/\/gajostest.a2hosted.com\/eshop\/hasiaci-pristroj-piktogram-samolepka\/"},"modified":"2026-04-20T08:37:30","modified_gmt":"2026-04-20T06:37:30","slug":"hasiaci-pristroj-piktogram-samolepka","status":"publish","type":"product","link":"https:\/\/gajos.sk\/eshop\/p\/hasiaci-pristroj-piktogram-samolepka\/","title":{"rendered":"Hasiaci pr\u00edstroj &#8211; piktogram samolepka"},"content":{"rendered":"","protected":false},"excerpt":{"rendered":"<p>Samolepka, ozna\u010denie prenosn\u00e9ho hasiaceho pr\u00edstroja.<\/p>\n<p>Rozmer: 150 x 150 mm<\/p>\n","protected":false},"featured_media":210643,"template":"","meta":{"_acf_changed":false,"inline_featured_image":false},"product_brand":[],"product_cat":[3501],"product_tag":[],"class_list":{"0":"post-210644","1":"product","2":"type-product","3":"status-publish","4":"has-post-thumbnail","6":"product_cat-poziarne-znacky","8":"first","9":"instock","10":"taxable","11":"shipping-taxable","12":"purchasable","13":"product-type-simple"},"acf":[],"_links":{"self":[{"href":"https:\/\/gajos.sk\/eshop\/wp-json\/wp\/v2\/product\/210644","targetHints":{"allow":["GET"]}}],"collection":[{"href":"https:\/\/gajos.sk\/eshop\/wp-json\/wp\/v2\/product"}],"about":[{"href":"https:\/\/gajos.sk\/eshop\/wp-json\/wp\/v2\/types\/product"}],"wp:featuredmedia":[{"embeddable":true,"href":"https:\/\/gajos.sk\/eshop\/wp-json\/wp\/v2\/media\/210643"}],"wp:attachment":[{"href":"https:\/\/gajos.sk\/eshop\/wp-json\/wp\/v2\/media?parent=210644"}],"wp:term":[{"taxonomy":"product_brand","embeddable":true,"href":"https:\/\/gajos.sk\/eshop\/wp-json\/wp\/v2\/product_brand?post=210644"},{"taxonomy":"product_cat","embeddable":true,"href":"https:\/\/gajos.sk\/eshop\/wp-json\/wp\/v2\/product_cat?post=210644"},{"taxonomy":"product_tag","embeddable":true,"href":"https:\/\/gajos.sk\/eshop\/wp-json\/wp\/v2\/product_tag?post=210644"}],"curies":[{"name":"wp","href":"https:\/\/api.w.org\/{rel}","templated":true}]}}