{"id":210640,"date":"2023-05-31T08:43:09","date_gmt":"2023-05-31T06:43:09","guid":{"rendered":"https:\/\/gajostest.a2hosted.com\/eshop\/ventil-gulovy-d-25\/"},"modified":"2025-12-04T12:36:37","modified_gmt":"2025-12-04T11:36:37","slug":"ventil-gulovy-d-25","status":"publish","type":"product","link":"https:\/\/gajos.sk\/eshop\/p\/ventil-gulovy-d-25\/","title":{"rendered":"Ventil gu\u013eov\u00fd D 25"},"content":{"rendered":"","protected":false},"excerpt":{"rendered":"<p>Gu\u013eov\u00fd ventil s vn\u00fatorn\u00fdmi z\u00e1vitmi, ovl\u00e1dan\u00fd pomocou kovovej p\u00e1ky.<\/p>\n<p>Ventil je plnoprietokov\u00fd, vhodn\u00fd pre rozvody vody, vzduchu a neagres\u00edvnych kvapal\u00edn bez obsahu ne\u010dist\u00f4t.<\/p>\n","protected":false},"featured_media":210641,"template":"","meta":{"_acf_changed":false,"inline_featured_image":false},"product_brand":[],"product_cat":[3512],"product_tag":[],"class_list":{"0":"post-210640","1":"product","2":"type-product","3":"status-publish","4":"has-post-thumbnail","6":"product_cat-ventily","8":"first","9":"instock","10":"taxable","11":"shipping-taxable","12":"purchasable","13":"product-type-simple"},"acf":[],"_links":{"self":[{"href":"https:\/\/gajos.sk\/eshop\/wp-json\/wp\/v2\/product\/210640","targetHints":{"allow":["GET"]}}],"collection":[{"href":"https:\/\/gajos.sk\/eshop\/wp-json\/wp\/v2\/product"}],"about":[{"href":"https:\/\/gajos.sk\/eshop\/wp-json\/wp\/v2\/types\/product"}],"wp:featuredmedia":[{"embeddable":true,"href":"https:\/\/gajos.sk\/eshop\/wp-json\/wp\/v2\/media\/210641"}],"wp:attachment":[{"href":"https:\/\/gajos.sk\/eshop\/wp-json\/wp\/v2\/media?parent=210640"}],"wp:term":[{"taxonomy":"product_brand","embeddable":true,"href":"https:\/\/gajos.sk\/eshop\/wp-json\/wp\/v2\/product_brand?post=210640"},{"taxonomy":"product_cat","embeddable":true,"href":"https:\/\/gajos.sk\/eshop\/wp-json\/wp\/v2\/product_cat?post=210640"},{"taxonomy":"product_tag","embeddable":true,"href":"https:\/\/gajos.sk\/eshop\/wp-json\/wp\/v2\/product_tag?post=210640"}],"curies":[{"name":"wp","href":"https:\/\/api.w.org\/{rel}","templated":true}]}}