{"id":210638,"date":"2023-05-31T08:43:09","date_gmt":"2023-05-31T06:43:09","guid":{"rendered":"https:\/\/gajostest.a2hosted.com\/eshop\/skrinka-hydrantova-c-52\/"},"modified":"2025-06-23T07:10:20","modified_gmt":"2025-06-23T05:10:20","slug":"skrinka-hydrantova-c-52","status":"publish","type":"product","link":"https:\/\/gajos.sk\/eshop\/p\/skrinka-hydrantova-c-52\/","title":{"rendered":"Skrinka hydrantov\u00e1 C 52"},"content":{"rendered":"","protected":false},"excerpt":{"rendered":"<p>Elegantn\u00e1 hydrantov\u00e1 skrinka\u00a0 C 52 so skrinkou na n\u00fadzov\u00fd k\u013e\u00fa\u010d.<\/p>\n<p>Plechov\u00e1, s ko\u0161\u00edkom na ulo\u017eenie hadice.<\/p>\n<p>Rozmery 392 x 525 x 180 mm<\/p>\n","protected":false},"featured_media":210639,"template":"","meta":{"_acf_changed":false,"inline_featured_image":false},"product_brand":[],"product_cat":[3510],"product_tag":[],"class_list":{"0":"post-210638","1":"product","2":"type-product","3":"status-publish","4":"has-post-thumbnail","6":"product_cat-skrinky","8":"first","9":"instock","10":"taxable","11":"shipping-taxable","12":"purchasable","13":"product-type-simple"},"acf":[],"_links":{"self":[{"href":"https:\/\/gajos.sk\/eshop\/wp-json\/wp\/v2\/product\/210638","targetHints":{"allow":["GET"]}}],"collection":[{"href":"https:\/\/gajos.sk\/eshop\/wp-json\/wp\/v2\/product"}],"about":[{"href":"https:\/\/gajos.sk\/eshop\/wp-json\/wp\/v2\/types\/product"}],"wp:featuredmedia":[{"embeddable":true,"href":"https:\/\/gajos.sk\/eshop\/wp-json\/wp\/v2\/media\/210639"}],"wp:attachment":[{"href":"https:\/\/gajos.sk\/eshop\/wp-json\/wp\/v2\/media?parent=210638"}],"wp:term":[{"taxonomy":"product_brand","embeddable":true,"href":"https:\/\/gajos.sk\/eshop\/wp-json\/wp\/v2\/product_brand?post=210638"},{"taxonomy":"product_cat","embeddable":true,"href":"https:\/\/gajos.sk\/eshop\/wp-json\/wp\/v2\/product_cat?post=210638"},{"taxonomy":"product_tag","embeddable":true,"href":"https:\/\/gajos.sk\/eshop\/wp-json\/wp\/v2\/product_tag?post=210638"}],"curies":[{"name":"wp","href":"https:\/\/api.w.org\/{rel}","templated":true}]}}